{"id":15,"date":"2019-09-07T09:05:16","date_gmt":"2019-09-07T07:05:16","guid":{"rendered":"http:\/\/hamburger-spielhaeuser.de\/neu\/?page_id=15"},"modified":"2020-05-16T14:42:35","modified_gmt":"2020-05-16T12:42:35","slug":"15-2","status":"publish","type":"page","link":"https:\/\/hamburger-spielhaeuser.de\/neu\/","title":{"rendered":"Willkommen bei den Hamburger Spielh\u00e4usern"},"content":{"rendered":"<p><img loading=\"lazy\" class=\"alignright\" src=\"https:\/\/hamburger-spielhaeuser.de\/neu\/wp-content\/uploads\/2019\/09\/bild1.jpg\" alt=\"Sommerfest im Spielhaus\" width=\"258\" height=\"194\"><\/p>\n<h2>Sag mal, was ist eigentlich ein Spielhaus?<\/h2>\n<p>Ein Spielhaus ist eine offene Freizeiteinrichtung f\u00fcr Kinder von 3 &#8211; 14 Jahren und ihre Familien. Viele Spielh\u00e4user stehen auch j\u00fcngeren Kindern in Begleitung Erwachsener offen.<\/p>\n<h2>Wozu gibt es Spielh\u00e4user?<\/h2>\n<p>Wir wollen den Kindern in ihrer Freizeit die Gelegenheit geben, an einem gesch\u00fctzten Ort ihre kreativen F\u00e4higkeiten und sozialen Kompetenzen zu entfalten und weiterzuentwickeln. Das erm\u00f6glichen wir ihnen kostenfrei.<\/p>\n<h2>Was tun die Kinder dort konkret?<\/h2>\n<div class=\"col-xs\">\n<div id=\"attachment_73\" style=\"width: 268px\" class=\"wp-caption alignright\"><img aria-describedby=\"caption-attachment-73\" loading=\"lazy\" class=\"wp-image-73 size-full\" src=\"https:\/\/hamburger-spielhaeuser.de\/neu\/wp-content\/uploads\/2019\/09\/bild4.jpg\" alt=\"Basteln im Spielhaus\" width=\"258\" height=\"194\"><p id=\"caption-attachment-73\" class=\"wp-caption-text\"><span style=\"color: #6e7575;\"><em><small>&nbsp;&nbsp;&nbsp;&nbsp;&nbsp;&nbsp;&nbsp;&nbsp;&nbsp;&nbsp;&nbsp;&nbsp;&nbsp;&nbsp;&nbsp;&nbsp;&nbsp;&nbsp;&nbsp; Basteln im Spielhaus<\/small><\/em><\/span><\/p><\/div>\n<\/div>\n<p>Sie spielen und lernen, sie bewegen sich, sie bauen, basteln und malen und zwar gemeinsam. Dabei unterst\u00fctzen die \u00c4lteren oft die J\u00fcngeren. Die Kinder beteiligen sich auch an Interessengruppen wie z.B. Tanzen, T\u00f6pfern, Einradfahren oder Kochen. In fast allen H\u00e4usern findet Hausaufgabenhilfe statt. Neben den Aktivit\u00e4ten in den R\u00e4umen nutzen die Kinder auch das jeweilige Au\u00dfengel\u00e4nde oder die Spielpl\u00e4tze, die an den H\u00e4usern liegen.<br \/>\nWir organisieren h\u00e4ufig Tages- und Ferienfahrten, die bei den Kindern hoch im Kurs stehen. Ebenso geh\u00f6ren Jahreszeitenfeste und Flohm\u00e4rkte zu den H\u00f6hepunkten. Gerade im Sommer ziehen sie viele BesucherInnen aus dem Umfeld an und sind dann oftmals richtige Stadtteilfeste!<br \/>\nAuch Kinder mit Migrationshintergrund geh\u00f6ren zu unseren BesucherInnen. Sie tragen die deutsche Sprache und Kultur in ihre Familien hinein und bereichern die Spielh\u00e4user mit ihren Kulturen.<\/p>\n<p style=\"text-align: center;\"><img loading=\"lazy\" class=\"size-full wp-image-71\" src=\"https:\/\/hamburger-spielhaeuser.de\/neu\/wp-content\/uploads\/2019\/09\/bild2.jpg\" alt=\"Spielen auf dem Au\u00dfengel\u00e4nde\" width=\"258\" height=\"194\">&nbsp; <img loading=\"lazy\" class=\"size-full wp-image-72\" src=\"https:\/\/hamburger-spielhaeuser.de\/neu\/wp-content\/uploads\/2019\/09\/bild3.jpg\" alt=\"Kaufmannsladen\" width=\"258\" height=\"194\"><\/p>\n","protected":false},"excerpt":{"rendered":"<p>Sag mal, was ist eigentlich ein Spielhaus? Ein Spielhaus ist eine offene Freizeiteinrichtung f\u00fcr Kinder von 3 &#8211; 14 Jahren und ihre Familien. Viele Spielh\u00e4user stehen auch j\u00fcngeren Kindern in Begleitung Erwachsener offen. Wozu gibt es Spielh\u00e4user? Wir wollen den Kindern in ihrer Freizeit die Gelegenheit geben, an einem gesch\u00fctzten Ort ihre kreativen F\u00e4higkeiten und sozialen Kompetenzen zu entfalten und<\/p>\n","protected":false},"author":1,"featured_media":0,"parent":0,"menu_order":0,"comment_status":"closed","ping_status":"closed","template":"","meta":[],"_links":{"self":[{"href":"https:\/\/hamburger-spielhaeuser.de\/neu\/wp-json\/wp\/v2\/pages\/15"}],"collection":[{"href":"https:\/\/hamburger-spielhaeuser.de\/neu\/wp-json\/wp\/v2\/pages"}],"about":[{"href":"https:\/\/hamburger-spielhaeuser.de\/neu\/wp-json\/wp\/v2\/types\/page"}],"author":[{"embeddable":true,"href":"https:\/\/hamburger-spielhaeuser.de\/neu\/wp-json\/wp\/v2\/users\/1"}],"replies":[{"embeddable":true,"href":"https:\/\/hamburger-spielhaeuser.de\/neu\/wp-json\/wp\/v2\/comments?post=15"}],"version-history":[{"count":5,"href":"https:\/\/hamburger-spielhaeuser.de\/neu\/wp-json\/wp\/v2\/pages\/15\/revisions"}],"predecessor-version":[{"id":941,"href":"https:\/\/hamburger-spielhaeuser.de\/neu\/wp-json\/wp\/v2\/pages\/15\/revisions\/941"}],"wp:attachment":[{"href":"https:\/\/hamburger-spielhaeuser.de\/neu\/wp-json\/wp\/v2\/media?parent=15"}],"curies":[{"name":"wp","href":"https:\/\/api.w.org\/{rel}","templated":true}]}}