{"id":2,"date":"2019-09-09T09:09:30","date_gmt":"2019-09-09T07:09:30","guid":{"rendered":"http:\/\/hamburger-spielhaeuser.de\/neu\/?page_id=2"},"modified":"2024-05-15T19:34:00","modified_gmt":"2024-05-15T17:34:00","slug":"spielhaus-dulsberg","status":"publish","type":"page","link":"https:\/\/hamburger-spielhaeuser.de\/neu\/spielhaus-dulsberg\/","title":{"rendered":"Spielhaus Dulsberg"},"content":{"rendered":"\n<div class=\"wp-block-image\"><figure class=\"alignright\"><img loading=\"lazy\" width=\"400\" height=\"148\" src=\"http:\/\/hamburger-spielhaeuser.de\/neu\/wp-content\/uploads\/dulsberg_web.jpg\" alt=\"\" class=\"wp-image-160\" srcset=\"https:\/\/hamburger-spielhaeuser.de\/neu\/wp-content\/uploads\/dulsberg_web.jpg 400w, https:\/\/hamburger-spielhaeuser.de\/neu\/wp-content\/uploads\/dulsberg_web-300x111.jpg 300w\" sizes=\"(max-width: 400px) 100vw, 400px\" \/><\/figure><\/div>\n\n\n\n<p><strong>Stapelholmer Stra\u00dfe 2<br>22049 Hamburg<br>Tel: 040 \/ 68 47 31<\/strong><\/p>\n\n\n\n<p><strong>Tr\u00e4ger der Einrichtung:<\/strong><br><a href=\"https:\/\/www.hamburg.de\/hamburg-nord\/soziales-jugend-gesundheit\/\">Bezirksamt Hamburg-Nord<\/a><br>&nbsp;<\/p>\n\n\n\n<div style=\"height:20px\" aria-hidden=\"true\" class=\"wp-block-spacer\"><\/div>\n\n\n\n<hr class=\"wp-block-separator is-style-wide\"\/>\n\n\n\n<h3>Spielhaus:<\/h3>\n\n\n\n<p><b>Hier finden Angebote<\/b>&nbsp;f\u00fcr Kinder von <b>5- 14 Jahren<\/b> statt.<\/p>\n\n\n\n<p><b>\u00d6ffnungszeiten:<\/b><\/p>\n\n\n\n<figure class=\"wp-block-table\"><table><tbody><tr><td>&nbsp;Montag<\/td><td>&nbsp;Dienstag<\/td><td>&nbsp;Mittwoch<\/td><td>&nbsp;Donnerstag<\/td><td>&nbsp;Freitag<\/td><\/tr><tr><td>&nbsp;14:00&nbsp;&#8211; 18:30<\/td><td>&nbsp;14:00&nbsp;&#8211; 18:30<\/td><td>&nbsp;14:00&nbsp;&#8211; 18:30<\/td><td>&nbsp;14:00&nbsp;&#8211; 18:30<\/td><td>&nbsp;12:00&nbsp;&#8211; 18:00<\/td><\/tr><\/tbody><\/table><\/figure>\n\n\n\n<p>Der Besuch des Spielhauses ist in der Regel kostenfrei. Nur bei besonderen Veranstaltungen wie Ausfl\u00fcgen wird ein Kostenbeitrag erhoben. Eine Anmeldung ist&nbsp;nur bei Ausfl\u00fcgen&nbsp;erforderlich.&nbsp;In den Ferien weichen die \u00d6ffnungszeiten und Angebote ab.<\/p>\n\n\n\n<p><b>Interessenangebote von 16:00 bis 18:00 Uhr<\/b>:<\/p>\n\n\n\n<figure class=\"wp-block-table\"><table><tbody><tr><td>&nbsp;Montag<\/td><td>&nbsp;Dienstag<\/td><td>&nbsp;Mittwoch<\/td><\/tr><tr><td>&nbsp;Basteln<\/td><td>&nbsp;T\u00f6pfern<\/td><td>&nbsp;Kochen<\/td><\/tr><\/tbody><\/table><\/figure>\n\n\n\n<p>Zus\u00e4tzlich zu den unterschiedlichen Interessengruppenangeboten gibt es t\u00e4glich auch noch viele Spielm\u00f6glichkeiten im offenen Bereich. Wie Kickern, Tischtennis spielen, Malen, Basteln, Spiele drinnen und drau\u00dfen, Fahrzeugnutzung&#8230;<br>&nbsp;<\/p>\n\n\n\n<h3>Spieliothek:<\/h3>\n\n\n\n<p>Unsere Spieliothek ist wie eine Bibliothek, nur das bei uns Gesellschaftsspiele statt B\u00fccher ausgeliehen werden k\u00f6nnen. Hier d\u00fcrfen die Spiele ausprobiert und immer wieder gespielt werden ohne sie kaufen zu m\u00fcssen. Kinder, Eltern und Gro\u00dfeltern k\u00f6nnen kostenlos die Spiele ausleihen und mit nach Hause nehmen.<\/p>\n\n\n\n<p><b>\u00d6ffnungszeiten:<\/b><\/p>\n\n\n\n<figure class=\"wp-block-table\"><table><tbody><tr><td>Montag<\/td><td>Dienstag<\/td><td>Donnerstags<\/td><\/tr><tr><td>&nbsp;14:30-18:30<\/td><td>16:00-18:00<\/td><td>&nbsp;16:00-18:00<\/td><\/tr><\/tbody><\/table><\/figure>\n\n\n\n<p>Es gibt bei uns fast 1000 verschiedene Brettspiele, Gesellschaftsspiele, W\u00fcrfelspiele&#8230;<br>&nbsp;<\/p>\n\n\n\n<figure class=\"wp-block-gallery has-nested-images columns-default is-cropped\">\n<figure class=\"wp-block-image size-large\"><img loading=\"lazy\" width=\"400\" height=\"158\" data-id=\"271\"  src=\"http:\/\/hamburger-spielhaeuser.de\/neu\/wp-content\/uploads\/dulsberg_jan2007web.jpg\" alt=\"\" class=\"wp-image-271\" srcset=\"https:\/\/hamburger-spielhaeuser.de\/neu\/wp-content\/uploads\/dulsberg_jan2007web.jpg 400w, https:\/\/hamburger-spielhaeuser.de\/neu\/wp-content\/uploads\/dulsberg_jan2007web-300x119.jpg 300w\" sizes=\"(max-width: 400px) 100vw, 400px\" \/><\/figure>\n\n\n\n<figure class=\"wp-block-image size-large\"><img loading=\"lazy\" width=\"578\" height=\"357\" data-id=\"274\"  src=\"http:\/\/hamburger-spielhaeuser.de\/neu\/wp-content\/uploads\/sph-dulsberg_logo.jpg\" alt=\"\" class=\"wp-image-274\" srcset=\"https:\/\/hamburger-spielhaeuser.de\/neu\/wp-content\/uploads\/sph-dulsberg_logo.jpg 578w, https:\/\/hamburger-spielhaeuser.de\/neu\/wp-content\/uploads\/sph-dulsberg_logo-300x185.jpg 300w\" sizes=\"(max-width: 578px) 100vw, 578px\" \/><\/figure>\n<\/figure>\n","protected":false},"excerpt":{"rendered":"<p>Stapelholmer Stra\u00dfe 222049 HamburgTel: 040 \/ 68 47 31 Tr\u00e4ger der Einrichtung:Bezirksamt Hamburg-Nord&nbsp; Spielhaus: Hier finden Angebote&nbsp;f\u00fcr Kinder von 5- 14 Jahren statt. \u00d6ffnungszeiten: &nbsp;Montag &nbsp;Dienstag &nbsp;Mittwoch &nbsp;Donnerstag &nbsp;Freitag &nbsp;14:00&nbsp;&#8211; 18:30 &nbsp;14:00&nbsp;&#8211; 18:30 &nbsp;14:00&nbsp;&#8211; 18:30 &nbsp;14:00&nbsp;&#8211; 18:30 &nbsp;12:00&nbsp;&#8211; 18:00 Der Besuch des Spielhauses ist in der Regel kostenfrei. Nur bei besonderen Veranstaltungen wie Ausfl\u00fcgen wird ein Kostenbeitrag erhoben. Eine Anmeldung<\/p>\n","protected":false},"author":9,"featured_media":0,"parent":0,"menu_order":0,"comment_status":"closed","ping_status":"closed","template":"","meta":[],"_links":{"self":[{"href":"https:\/\/hamburger-spielhaeuser.de\/neu\/wp-json\/wp\/v2\/pages\/2"}],"collection":[{"href":"https:\/\/hamburger-spielhaeuser.de\/neu\/wp-json\/wp\/v2\/pages"}],"about":[{"href":"https:\/\/hamburger-spielhaeuser.de\/neu\/wp-json\/wp\/v2\/types\/page"}],"author":[{"embeddable":true,"href":"https:\/\/hamburger-spielhaeuser.de\/neu\/wp-json\/wp\/v2\/users\/9"}],"replies":[{"embeddable":true,"href":"https:\/\/hamburger-spielhaeuser.de\/neu\/wp-json\/wp\/v2\/comments?post=2"}],"version-history":[{"count":8,"href":"https:\/\/hamburger-spielhaeuser.de\/neu\/wp-json\/wp\/v2\/pages\/2\/revisions"}],"predecessor-version":[{"id":1633,"href":"https:\/\/hamburger-spielhaeuser.de\/neu\/wp-json\/wp\/v2\/pages\/2\/revisions\/1633"}],"wp:attachment":[{"href":"https:\/\/hamburger-spielhaeuser.de\/neu\/wp-json\/wp\/v2\/media?parent=2"}],"curies":[{"name":"wp","href":"https:\/\/api.w.org\/{rel}","templated":true}]}}