{"id":260,"date":"2019-09-09T09:09:02","date_gmt":"2019-09-09T07:09:02","guid":{"rendered":"http:\/\/hamburger-spielhaeuser.de\/neu\/?page_id=260"},"modified":"2026-03-05T16:42:16","modified_gmt":"2026-03-05T15:42:16","slug":"spielhaus-galaxie","status":"publish","type":"page","link":"https:\/\/hamburger-spielhaeuser.de\/neu\/spielhaus-galaxie\/","title":{"rendered":"Spielhaus Galaxie"},"content":{"rendered":"\n<div class=\"wp-block-media-text alignwide has-media-on-the-right\" style=\"grid-template-columns:auto 58%\"><figure class=\"wp-block-media-text__media\"><img loading=\"lazy\" width=\"350\" height=\"500\" src=\"https:\/\/hamburger-spielhaeuser.de\/neu\/wp-content\/uploads\/Einsatz_350x500_Galaxie_05.png\" alt=\"\" class=\"wp-image-1944 size-full\" srcset=\"https:\/\/hamburger-spielhaeuser.de\/neu\/wp-content\/uploads\/Einsatz_350x500_Galaxie_05.png 350w, https:\/\/hamburger-spielhaeuser.de\/neu\/wp-content\/uploads\/Einsatz_350x500_Galaxie_05-210x300.png 210w\" sizes=\"(max-width: 350px) 100vw, 350px\" \/><\/figure><div class=\"wp-block-media-text__content\">\n<p class=\"has-text-color\" style=\"color:#214260\"><strong>Die Spielhaus Galaxie in Hohenhorst <\/strong><\/p>\n\n\n\n<p class=\"has-text-color\" style=\"color:#214260\"><strong>K\u00f6penicker Stra\u00dfe 69<br>22149 Hamburg <\/strong><\/p>\n\n\n\n<p class=\"has-text-color\" style=\"color:#a31900\"><strong>Telefon: 040 \/ 67594893<\/strong><\/p>\n\n\n\n<p class=\"has-text-color\" style=\"color:#49c407\"><strong>e-Mail: spielhaus-galaxie@gmx.de <\/strong><\/p>\n\n\n\n<p><strong>Tr\u00e4ger: Mehr Platz f\u00fcr Kinder e.V.<\/strong><\/p>\n<\/div><\/div>\n\n\n\n<div style=\"height:20px\" aria-hidden=\"true\" class=\"wp-block-spacer\"><\/div>\n\n\n\n<hr class=\"wp-block-separator is-style-wide\" \/>\n\n\n\n<div style=\"height:20px\" aria-hidden=\"true\" class=\"wp-block-spacer\"><\/div>\n\n\n\n<p> Jeder ist hier herzlich wilkommen mit zu wirken und das alles kostenlos! <\/p>\n\n\n\n<p><span style=\"color: #ff0000\">Nachmittags<\/span> haben wir f\u00fcr Kinder im Alter zwischen<b> 6 und 14 Jahren<\/b> ge\u00f6ffnet. Das Spielhaus ist ein <span style=\"color: #ff3300\">offener Raum f\u00fcr Kinder und Jugendliche<\/span>. Hier ist jede\/r willkommen, unabh\u00e4ngig von Geschlecht, der Nationalit\u00e4t, der Religion, seiner \/ ihrer Neigungen und dem Aussehen. Und lieben darf hier sowieso jeder wen er will!<\/p>\n\n\n\n<p> Wir freuen uns hier mit euch gemeinsam zu Spielen, Kochen, Toben, zu Streiten und sich wieder Vertragen! <\/p>\n\n\n\n<p>Kommt gern rum und sagt &#8222;Hallo!&#8220;<\/p>\n\n\n\n<p>Bis gleich,<\/p>\n\n\n\n<p>Aline, Johannes und Jer\u00f4me<\/p>\n\n\n\n<p>(P.S. unsere Angebote sind kostenlos und Eintritt zahlt hier auch keiner!)<\/p>\n\n\n\n<p>Die \u00d6ffnungszeiten sind:<\/p>\n\n\n\n<p><strong>Montags:\u00a0\u00a0\u00a0\u00a0\u00a0\u00a0\u00a0\u00a0\u00a0\u00a0\u00a0\u00a0\u00a0\u00a0\u00a0\u00a0\u00a0\u00a0\u00a0\u00a0\u00a0\u00a0\u00a0\u00a0 14.00 bis 18.00 Uhr<br>Dienstags:\u00a0\u00a0\u00a0\u00a0\u00a0\u00a0\u00a0\u00a0\u00a0\u00a0\u00a0\u00a0\u00a0\u00a0\u00a0\u00a0\u00a0\u00a0\u00a0\u00a0\u00a0 14.00 bis 18.00 Uhr <\/strong><br><strong>Mittwochs:\u00a0\u00a0\u00a0\u00a0\u00a0\u00a0\u00a0\u00a0\u00a0\u00a0\u00a0\u00a0\u00a0\u00a0\u00a0\u00a0\u00a0\u00a0\u00a0\u00a0 14.00 bis 18.00 Uhr<\/strong><br><strong>Donnerstags:\u00a0\u00a0\u00a0\u00a0\u00a0\u00a0\u00a0\u00a0\u00a0\u00a0\u00a0\u00a0\u00a0\u00a0\u00a0\u00a0 14.00 bis 18.00 Uhr<\/strong><br><strong>Freitags:\u00a0\u00a0\u00a0\u00a0\u00a0\u00a0\u00a0\u00a0\u00a0\u00a0\u00a0\u00a0\u00a0\u00a0\u00a0\u00a0\u00a0\u00a0\u00a0\u00a0\u00a0 \u00a0 \u00a0 14.00 bis 18.00 Uhr<\/strong><br><strong>Samstags:\u00a0\u00a0\u00a0\u00a0\u00a0\u00a0\u00a0\u00a0\u00a0\u00a0\u00a0\u00a0\u00a0\u00a0\u00a0\u00a0\u00a0\u00a0\u00a0\u00a0\u00a0 geschlossen<br><\/strong><\/p>\n\n\n\n<p>(aktualisiert am 12.11.2020)<\/p>\n\n\n\n<p><\/p>\n\n\n\n<p><\/p>\n","protected":false},"excerpt":{"rendered":"<p>Die Spielhaus Galaxie in Hohenhorst K\u00f6penicker Stra\u00dfe 6922149 Hamburg Telefon: 040 \/ 67594893 e-Mail: spielhaus-galaxie@gmx.de Tr\u00e4ger: Mehr Platz f\u00fcr Kinder e.V. Jeder ist hier herzlich wilkommen mit zu wirken und das alles kostenlos! Nachmittags haben wir f\u00fcr Kinder im Alter zwischen 6 und 14 Jahren ge\u00f6ffnet. Das Spielhaus ist ein offener Raum f\u00fcr Kinder und Jugendliche. Hier ist jede\/r willkommen,<\/p>\n","protected":false},"author":3,"featured_media":0,"parent":0,"menu_order":0,"comment_status":"closed","ping_status":"closed","template":"","meta":[],"_links":{"self":[{"href":"https:\/\/hamburger-spielhaeuser.de\/neu\/wp-json\/wp\/v2\/pages\/260"}],"collection":[{"href":"https:\/\/hamburger-spielhaeuser.de\/neu\/wp-json\/wp\/v2\/pages"}],"about":[{"href":"https:\/\/hamburger-spielhaeuser.de\/neu\/wp-json\/wp\/v2\/types\/page"}],"author":[{"embeddable":true,"href":"https:\/\/hamburger-spielhaeuser.de\/neu\/wp-json\/wp\/v2\/users\/3"}],"replies":[{"embeddable":true,"href":"https:\/\/hamburger-spielhaeuser.de\/neu\/wp-json\/wp\/v2\/comments?post=260"}],"version-history":[{"count":7,"href":"https:\/\/hamburger-spielhaeuser.de\/neu\/wp-json\/wp\/v2\/pages\/260\/revisions"}],"predecessor-version":[{"id":1945,"href":"https:\/\/hamburger-spielhaeuser.de\/neu\/wp-json\/wp\/v2\/pages\/260\/revisions\/1945"}],"wp:attachment":[{"href":"https:\/\/hamburger-spielhaeuser.de\/neu\/wp-json\/wp\/v2\/media?parent=260"}],"curies":[{"name":"wp","href":"https:\/\/api.w.org\/{rel}","templated":true}]}}