{"id":279,"date":"2019-09-09T09:09:09","date_gmt":"2019-09-09T09:09:09","guid":{"rendered":"http:\/\/hamburger-spielhaeuser.de\/neu\/?page_id=279"},"modified":"2025-04-14T18:04:11","modified_gmt":"2025-04-14T16:04:11","slug":"spielhaus-surcis-goldinger","status":"publish","type":"page","link":"https:\/\/hamburger-spielhaeuser.de\/neu\/spielhaus-surcis-goldinger\/","title":{"rendered":"Spielhaus Surcis Goldinger"},"content":{"rendered":"<div class=\"wp-block-image\">\n<figure class=\"alignright\"><img src=\"http:\/\/hamburger-spielhaeuser.de\/spielhaeuser\/surcisgoldinger\/images\/hausaussen.jpg\" \/><\/figure>\n<\/div>\n<p><strong> Grothwisch 10<br \/>22457 Hamburg<br \/>Tel: 040 \/ 71 66 59 57<\/strong><\/p>\n<p><strong>Email: <a href=\"mailto:Spielhaus.Grothwisch@web.de\">Spielhaus.Grothwisch@web.de<br \/><\/a><\/strong><\/p>\n<p><strong>Tr\u00e4ger der Einrichtung:<\/strong><br \/><a href=\"http:\/\/kinder-undjugendarbeit.de\">Verband Kinder- und Jugendarbeit Hamburg<\/a> bzw. <a href=\"http:\/\/www.kifaz-schnelsen.de\/\">KiFaZ Schnelsen<\/a><br \/>nach Gr\u00fcndung durch das <a href=\"https:\/\/www.kita-die-muetze.de\/der-tr%C3%A4ger\/\">M\u00fctterzentrum Burgwedel<\/a><\/p>\n<p><strong>Spielhaus-Website: <a href=\"https:\/\/www.spielhaus-saragoldfinger.de\/\">www.spielhaus-saragoldfinger.de<\/a><\/strong><\/p>\n\n\n<div style=\"height:20px\" aria-hidden=\"true\" class=\"wp-block-spacer\"><\/div>\n\n\n\n<hr class=\"wp-block-separator is-style-wide\"\/>\n\n\n\n<div style=\"height:20px\" aria-hidden=\"true\" class=\"wp-block-spacer\"><\/div>\n\n\n\n<p><strong>Offenes\nAngebot f\u00fcr Kinder: <\/strong>Am\nNachmittag ist das Haus f\u00fcr 6-12j\u00e4h\u00adrige Schulkinder ge\u00f6ffnet,\ndie hier ihre Freizeit mit Billard, Holzwerken, Malen, Sport, Kochen,\nSpielen, Lagerfeuer, Streiten und Kl\u00f6nen verbrin\u00adgen k\u00f6nnen.&nbsp;In\nden Ferien gibt es ein besonderes Programm. Das\nsch\u00f6ne, weitl\u00e4ufige Au\u00dfengel\u00e4nde l\u00e4dt mit dem angrenzenden\nSportplatz, dem Park und der Skatebahn auf vielf\u00e4ltige Weise zu\nSport und Bewe\u00adgung ein. Jeden Donnerstag gibt es Lagerfeuer und\nStockbrot.<\/p>\n\n\n\n<p><strong>Familiencaf\u00e9:\n<\/strong>Freitags\nfindet gemeinsam mit dem Kinder- und Familien\u00adzentrum Burgwedel\nein Caf\u00e9 f\u00fcr Familien statt. Wechselweise im Spielhaus und im KiFaZ\nin der Walter-Jungleib-Stra\u00dfe 20.<\/p>\n\n\n\n<p><strong><br>Anlaufstelle\nf\u00fcr Kinderrechte: <br><\/strong>vertrau\u00adensvolle\nUnterst\u00fctzung\nbei vorgetragenen Sorgen und N\u00f6ten\n\n<\/p>\n\n\n\n<p><strong><br>Vermietungen:\n<\/strong>An Wochenenden kann das Spielhaus auch gemietet werden.\n(Telefonische Absprachezeiten:\n<br>Montag. und Freitag 11-13 Uhr)<\/p>\n","protected":false},"excerpt":{"rendered":"<p>Grothwisch 1022457 HamburgTel: 040 \/ 71 66 59 57 Email: Spielhaus.Grothwisch@web.de Tr\u00e4ger der Einrichtung:Verband Kinder- und Jugendarbeit Hamburg bzw. KiFaZ Schnelsennach Gr\u00fcndung durch das M\u00fctterzentrum Burgwedel Spielhaus-Website: www.spielhaus-saragoldfinger.de Offenes Angebot f\u00fcr Kinder: Am Nachmittag ist das Haus f\u00fcr 6-12j\u00e4h\u00adrige Schulkinder ge\u00f6ffnet, die hier ihre Freizeit mit Billard, Holzwerken, Malen, Sport, Kochen, Spielen, Lagerfeuer, Streiten und Kl\u00f6nen verbrin\u00adgen k\u00f6nnen.&nbsp;In den Ferien<\/p>\n","protected":false},"author":31,"featured_media":0,"parent":0,"menu_order":0,"comment_status":"closed","ping_status":"closed","template":"","meta":[],"_links":{"self":[{"href":"https:\/\/hamburger-spielhaeuser.de\/neu\/wp-json\/wp\/v2\/pages\/279"}],"collection":[{"href":"https:\/\/hamburger-spielhaeuser.de\/neu\/wp-json\/wp\/v2\/pages"}],"about":[{"href":"https:\/\/hamburger-spielhaeuser.de\/neu\/wp-json\/wp\/v2\/types\/page"}],"author":[{"embeddable":true,"href":"https:\/\/hamburger-spielhaeuser.de\/neu\/wp-json\/wp\/v2\/users\/31"}],"replies":[{"embeddable":true,"href":"https:\/\/hamburger-spielhaeuser.de\/neu\/wp-json\/wp\/v2\/comments?post=279"}],"version-history":[{"count":4,"href":"https:\/\/hamburger-spielhaeuser.de\/neu\/wp-json\/wp\/v2\/pages\/279\/revisions"}],"predecessor-version":[{"id":1773,"href":"https:\/\/hamburger-spielhaeuser.de\/neu\/wp-json\/wp\/v2\/pages\/279\/revisions\/1773"}],"wp:attachment":[{"href":"https:\/\/hamburger-spielhaeuser.de\/neu\/wp-json\/wp\/v2\/media?parent=279"}],"curies":[{"name":"wp","href":"https:\/\/api.w.org\/{rel}","templated":true}]}}