{"id":288,"date":"2019-09-09T09:09:25","date_gmt":"2019-09-09T07:09:25","guid":{"rendered":"http:\/\/hamburger-spielhaeuser.de\/neu\/?page_id=288"},"modified":"2020-11-15T13:10:14","modified_gmt":"2020-11-15T12:10:14","slug":"spiel-werk-stadt-schleemer-bach","status":"publish","type":"page","link":"https:\/\/hamburger-spielhaeuser.de\/neu\/spiel-werk-stadt-schleemer-bach\/","title":{"rendered":"Spiel-Werk-Stadt Schleemer Bach"},"content":{"rendered":"\n<div class=\"wp-block-media-text alignwide has-media-on-the-right is-stacked-on-mobile\"><figure class=\"wp-block-media-text__media\"><img loading=\"lazy\" width=\"267\" height=\"200\" src=\"http:\/\/hamburger-spielhaeuser.de\/neu\/wp-content\/uploads\/schleemerbach_haus-2.gif\" alt=\"\" class=\"wp-image-542\"\/><\/figure><div class=\"wp-block-media-text__content\">\n<p><strong>Schleemer Weg 8<\/strong> <strong><br>22117 Hamburg<\/strong><br><br><strong>Tel: <\/strong> <strong>Tel: 040 \/ 73 16 87 18<\/strong> <strong><br>Fax: 040 \/ 73 16 87 41<\/strong> <strong><br><\/strong><br><strong>Email: <a href=\"mailto:nachricht@spiel-werk-stadt.de\">nachricht@spiel-werk-stadt.de<\/a><br>Homepage: <a rel=\"noreferrer noopener\" href=\"http:\/\/www.spiel-werk-stadt.de\" target=\"_blank\">www.spiel-werk-stadt.de<\/a><\/strong><br><br><strong>Tr\u00e4ger der Einrichtung:<br><\/strong>Aktionsgruppe Kinder- und Jugendhilfe Kaltenbergen e. V. <\/p>\n<\/div><\/div>\n\n\n\n<div style=\"height:20px\" aria-hidden=\"true\" class=\"wp-block-spacer\"><\/div>\n\n\n\n<hr class=\"wp-block-separator is-style-wide\"\/>\n\n\n\n<p>  *<\/p>\n\n\n\n<p>Hier k\u00f6nnen Kinder viele Dinge machen, die zu Hause nicht m\u00f6glich sind.\nDabei werden sie von uns p\u00e4dagogischen Fachkr\u00e4ften unterst\u00fctzt.\nDen Tagesablauf bei uns wird durch die Kinder bestimmt.<\/p>\n\n\n\n<p>Das Haus bietet umfangreiche M\u00f6glichkeiten die Zeit sinnvoll zu gestalten. Wichtig ist uns dabei ganz besonders der tolerante und respektvolle Umgang miteinander.\nDaf\u00fcr gibt es feste Regeln und Rituale.<\/p>\n\n\n\n<p class=\"has-text-align-right\">*<\/p>\n\n\n\n<h3>F\u00fcr Kinder ab 5 Jahren allein, und j\u00fcngere Kinder in Begleitung eines Erwachsenen<\/h3>\n\n\n\n<figure class=\"wp-block-table no_borders is-style-stripes\"><table class=\"has-subtle-light-gray-background-color has-background\"><tbody><tr><td>\n<h3>\u00d6ffnungszeiten:<\/h3>\n<\/td><td>\n<h3>\u00d6ffnungszeiten Schulferien:<\/h3>\n<\/td><\/tr><tr><td>Di : 9.3o &#8211; 19.oo Uhr<\/td><td>Di &#8211; Fr : 10.oo &#8211; 18.oo Uhr<\/td><\/tr><tr><td>Mi : 13.oo &#8211; 19.oo Uhr<\/td><td>Sa: 1o.oo &#8211; 15.oo Uhr<\/td><\/tr><tr><td>Do : 10.oo &#8211; 19.oo Uhr<\/td><td>&nbsp;<\/td><\/tr><tr><td>Fr : 13.oo &#8211; 19.oo Uhr<\/td><td>&nbsp;<\/td><\/tr><tr><td>Sa : 10.oo- 15.oo Uhr<\/td><td>oder entsprechend unserem Ferienprogramm<\/td><\/tr><\/tbody><\/table><\/figure>\n","protected":false},"excerpt":{"rendered":"<p>Schleemer Weg 8 22117 Hamburg Tel: Tel: 040 \/ 73 16 87 18 Fax: 040 \/ 73 16 87 41 Email: nachricht@spiel-werk-stadt.deHomepage: www.spiel-werk-stadt.de Tr\u00e4ger der Einrichtung:Aktionsgruppe Kinder- und Jugendhilfe Kaltenbergen e. V. * Hier k\u00f6nnen Kinder viele Dinge machen, die zu Hause nicht m\u00f6glich sind. Dabei werden sie von uns p\u00e4dagogischen Fachkr\u00e4ften unterst\u00fctzt. Den Tagesablauf bei uns wird durch die<\/p>\n","protected":false},"author":27,"featured_media":1106,"parent":0,"menu_order":0,"comment_status":"closed","ping_status":"closed","template":"","meta":[],"_links":{"self":[{"href":"https:\/\/hamburger-spielhaeuser.de\/neu\/wp-json\/wp\/v2\/pages\/288"}],"collection":[{"href":"https:\/\/hamburger-spielhaeuser.de\/neu\/wp-json\/wp\/v2\/pages"}],"about":[{"href":"https:\/\/hamburger-spielhaeuser.de\/neu\/wp-json\/wp\/v2\/types\/page"}],"author":[{"embeddable":true,"href":"https:\/\/hamburger-spielhaeuser.de\/neu\/wp-json\/wp\/v2\/users\/27"}],"replies":[{"embeddable":true,"href":"https:\/\/hamburger-spielhaeuser.de\/neu\/wp-json\/wp\/v2\/comments?post=288"}],"version-history":[{"count":3,"href":"https:\/\/hamburger-spielhaeuser.de\/neu\/wp-json\/wp\/v2\/pages\/288\/revisions"}],"predecessor-version":[{"id":1094,"href":"https:\/\/hamburger-spielhaeuser.de\/neu\/wp-json\/wp\/v2\/pages\/288\/revisions\/1094"}],"wp:featuredmedia":[{"embeddable":true,"href":"https:\/\/hamburger-spielhaeuser.de\/neu\/wp-json\/wp\/v2\/media\/1106"}],"wp:attachment":[{"href":"https:\/\/hamburger-spielhaeuser.de\/neu\/wp-json\/wp\/v2\/media?parent=288"}],"curies":[{"name":"wp","href":"https:\/\/api.w.org\/{rel}","templated":true}]}}