{"id":395,"date":"2019-09-09T09:09:35","date_gmt":"2019-09-09T07:09:35","guid":{"rendered":"http:\/\/hamburger-spielhaeuser.de\/neu\/?page_id=395"},"modified":"2025-10-10T14:23:22","modified_gmt":"2025-10-10T12:23:22","slug":"spielhaus-bornheide","status":"publish","type":"page","link":"https:\/\/hamburger-spielhaeuser.de\/neu\/spielhaus-bornheide\/","title":{"rendered":"Spielhaus Bornheide"},"content":{"rendered":"\n<div style=\"height:20px\" aria-hidden=\"true\" class=\"wp-block-spacer\"><\/div>\n\n\n\n<blockquote class=\"wp-block-quote\"><p><strong>Heute, 10.10.25, bleibt das Spielhaus leider geschlossen!!!<\/strong><\/p><p><strong>Das Spielhaus ist ab voraussichtlich Dienstag, den 14.10.25 wieder f\u00fcr euch ge\u00f6ffnet.<\/strong> Bitte schaut gerne auch bei uns auf Instagram vorbei, dort k\u00f6nnt ihr euch \u00fcber alle News informieren, Rund um das Spielhaus, und entschuldigt die vielen Schlie\u00dfzeiten, wir hoffen, dass wir bald wieder regelm\u00e4\u00dfig f\u00fcr euch ge\u00f6ffnet haben. Wir freuen uns auf euren Besuch. Liebe Gr\u00fc\u00dfe. Euer Spielhaus Team. <\/p><\/blockquote>\n\n\n\n<hr class=\"wp-block-separator is-style-wide\" \/>\n\n\n\n<figure class=\"wp-block-gallery has-nested-images columns-default is-cropped\">\n<figure class=\"wp-block-image size-large\"><img loading=\"lazy\" width=\"819\" height=\"1024\" data-id=\"1878\"  src=\"https:\/\/hamburger-spielhaeuser.de\/neu\/wp-content\/uploads\/1-819x1024.jpg\" alt=\"\" class=\"wp-image-1878\" srcset=\"https:\/\/hamburger-spielhaeuser.de\/neu\/wp-content\/uploads\/1-819x1024.jpg 819w, https:\/\/hamburger-spielhaeuser.de\/neu\/wp-content\/uploads\/1-240x300.jpg 240w, https:\/\/hamburger-spielhaeuser.de\/neu\/wp-content\/uploads\/1-768x960.jpg 768w, https:\/\/hamburger-spielhaeuser.de\/neu\/wp-content\/uploads\/1.jpg 1080w\" sizes=\"(max-width: 819px) 100vw, 819px\" \/><\/figure>\n\n\n\n<figure class=\"wp-block-image size-large\"><img loading=\"lazy\" width=\"819\" height=\"1024\" data-id=\"1879\"  src=\"https:\/\/hamburger-spielhaeuser.de\/neu\/wp-content\/uploads\/2-1-819x1024.jpg\" alt=\"\" class=\"wp-image-1879\" srcset=\"https:\/\/hamburger-spielhaeuser.de\/neu\/wp-content\/uploads\/2-1-819x1024.jpg 819w, https:\/\/hamburger-spielhaeuser.de\/neu\/wp-content\/uploads\/2-1-240x300.jpg 240w, https:\/\/hamburger-spielhaeuser.de\/neu\/wp-content\/uploads\/2-1-768x960.jpg 768w, https:\/\/hamburger-spielhaeuser.de\/neu\/wp-content\/uploads\/2-1.jpg 1080w\" sizes=\"(max-width: 819px) 100vw, 819px\" \/><\/figure>\n\n\n\n<figure class=\"wp-block-image size-large\"><img loading=\"lazy\" width=\"819\" height=\"1024\" data-id=\"1880\"  src=\"https:\/\/hamburger-spielhaeuser.de\/neu\/wp-content\/uploads\/3-1-819x1024.jpg\" alt=\"\" class=\"wp-image-1880\" srcset=\"https:\/\/hamburger-spielhaeuser.de\/neu\/wp-content\/uploads\/3-1-819x1024.jpg 819w, https:\/\/hamburger-spielhaeuser.de\/neu\/wp-content\/uploads\/3-1-240x300.jpg 240w, https:\/\/hamburger-spielhaeuser.de\/neu\/wp-content\/uploads\/3-1-768x960.jpg 768w, https:\/\/hamburger-spielhaeuser.de\/neu\/wp-content\/uploads\/3-1.jpg 1080w\" sizes=\"(max-width: 819px) 100vw, 819px\" \/><\/figure>\n<figcaption class=\"blocks-gallery-caption\">Sommerferien Programm 2025<\/figcaption><\/figure>\n\n\n\n<h2><strong>Beschreibung<\/strong><\/h2>\n\n\n\n<figure class=\"wp-block-image size-large\"><img loading=\"lazy\" width=\"1024\" height=\"724\" src=\"https:\/\/hamburger-spielhaeuser.de\/neu\/wp-content\/uploads\/Aktuel-Flyer-vorne-neu-1024x724.png\" alt=\"\" class=\"wp-image-1800\" srcset=\"https:\/\/hamburger-spielhaeuser.de\/neu\/wp-content\/uploads\/Aktuel-Flyer-vorne-neu-1024x724.png 1024w, https:\/\/hamburger-spielhaeuser.de\/neu\/wp-content\/uploads\/Aktuel-Flyer-vorne-neu-300x212.png 300w, https:\/\/hamburger-spielhaeuser.de\/neu\/wp-content\/uploads\/Aktuel-Flyer-vorne-neu-768x543.png 768w, https:\/\/hamburger-spielhaeuser.de\/neu\/wp-content\/uploads\/Aktuel-Flyer-vorne-neu-1536x1086.png 1536w, https:\/\/hamburger-spielhaeuser.de\/neu\/wp-content\/uploads\/Aktuel-Flyer-vorne-neu-2048x1448.png 2048w\" sizes=\"(max-width: 1024px) 100vw, 1024px\" \/><figcaption>Wochenprogramm<\/figcaption><\/figure>\n\n\n\n<p>Das Spielhaus Bornheide befindet sich seit 2013 im gr\u00fcnen Pavillon auf dem B\u00fcrgerhausgel\u00e4nde (ehemalige Grundschule Barlsheide). <\/p>\n\n\n\n<p>Dienstag bis Samstag ist das Haus nachmittags ein<strong> Offener Freizeit-Treff<\/strong> f\u00fcr Kinder, die bereits in die Schule gehen (Vorschul- und Schulkinder von 6 bis 12 Jahre). <\/p>\n\n\n\n<p>Es gibt einen Spielraum, einen Bewegungsraum, eine Werkstatt und eine K\u00fcche. Zu unseren Angeboten geh\u00f6ren: Tanzen, Backen, kreatives Gestalten sowie Projektarbeit.<\/p>\n\n\n\n<p>In den Schulferien haben wir ein extra Ferienprogramm.<\/p>\n\n\n\n<p>Einfach mal vorbeischauen! <\/p>\n\n\n\n<p>Ihr seid herzlich willkommen! <\/p>\n\n\n\n<h2>\u00d6ffnungszeiten:<\/h2>\n\n\n\n<figure class=\"wp-block-table is-style-regular\"><table><tbody><tr><td> Montag<\/td><td> 14:00 &#8211; 19:00<strong> M\u00e4dchentag<\/strong> (f\u00e4llt vor\u00fcbergehend aus)<\/td><\/tr><tr><td> Dienstag<\/td><td> 14:00 &#8211; 19:00 <\/td><\/tr><tr><td> Mittwoch<\/td><td> 14:00 &#8211; 19:00 <\/td><\/tr><tr><td> Donnerstag<\/td><td> 14:00 &#8211; 19:00 <strong> <\/strong><\/td><\/tr><tr><td> Freitag<\/td><td> 13:00 &#8211; 18:00 <\/td><\/tr><tr><td> Samstag<\/td><td><strong>Vor\u00fcbergehend geschlossen!<\/strong> <\/td><\/tr><\/tbody><\/table><\/figure>\n\n\n\n<h2>Angebote:<\/h2>\n\n\n\n<p><strong>Montags:<\/strong> <br>M\u00e4dchentag (Kreatives und Kochen)<br><strong>Dienstag:<\/strong><br>Offenes Spiel-Angebot, Kinder-Konferenz mit Abendbrot<br><strong>Mittwoch:<\/strong> <br>Schulkooperation, T\u00f6pfern, Offenes Spiel-Angebot<br><strong>Donnerstag:<\/strong> <br>Projekt-Tag (Wechselnde Projekt-Angebote wie z.B. Fahrrad-Werkstatt, Musik-Studio, Kochen. Teilnehmer-Zahl begrenzt. Aush\u00e4nge am Spielhaus beachten.)<br><strong>Freitag: <\/strong><br>Koch-Angebot (max. 10 Kinder), Offenes Spiel-Angebot<br><strong>Samstags:<\/strong><br>Vorr\u00fcbergehend geschlossen! Regelm\u00e4\u00dfige Ausfl\u00fcge mit Anmeldung: Aush\u00e4nge und Instagram Posts beachten!<\/p>\n","protected":false},"excerpt":{"rendered":"<p>Heute, 10.10.25, bleibt das Spielhaus leider geschlossen!!! Das Spielhaus ist ab voraussichtlich Dienstag, den 14.10.25 wieder f\u00fcr euch ge\u00f6ffnet. Bitte schaut gerne auch bei uns auf Instagram vorbei, dort k\u00f6nnt ihr euch \u00fcber alle News informieren, Rund um das Spielhaus, und entschuldigt die vielen Schlie\u00dfzeiten, wir hoffen, dass wir bald wieder regelm\u00e4\u00dfig f\u00fcr euch ge\u00f6ffnet haben. Wir freuen uns auf<\/p>\n","protected":false},"author":25,"featured_media":0,"parent":0,"menu_order":0,"comment_status":"closed","ping_status":"closed","template":"","meta":[],"_links":{"self":[{"href":"https:\/\/hamburger-spielhaeuser.de\/neu\/wp-json\/wp\/v2\/pages\/395"}],"collection":[{"href":"https:\/\/hamburger-spielhaeuser.de\/neu\/wp-json\/wp\/v2\/pages"}],"about":[{"href":"https:\/\/hamburger-spielhaeuser.de\/neu\/wp-json\/wp\/v2\/types\/page"}],"author":[{"embeddable":true,"href":"https:\/\/hamburger-spielhaeuser.de\/neu\/wp-json\/wp\/v2\/users\/25"}],"replies":[{"embeddable":true,"href":"https:\/\/hamburger-spielhaeuser.de\/neu\/wp-json\/wp\/v2\/comments?post=395"}],"version-history":[{"count":106,"href":"https:\/\/hamburger-spielhaeuser.de\/neu\/wp-json\/wp\/v2\/pages\/395\/revisions"}],"predecessor-version":[{"id":1890,"href":"https:\/\/hamburger-spielhaeuser.de\/neu\/wp-json\/wp\/v2\/pages\/395\/revisions\/1890"}],"wp:attachment":[{"href":"https:\/\/hamburger-spielhaeuser.de\/neu\/wp-json\/wp\/v2\/media?parent=395"}],"curies":[{"name":"wp","href":"https:\/\/api.w.org\/{rel}","templated":true}]}}