{"id":448,"date":"2019-09-09T09:09:41","date_gmt":"2019-09-09T07:09:41","guid":{"rendered":"http:\/\/hamburger-spielhaeuser.de\/neu\/?page_id=448"},"modified":"2019-10-09T23:18:54","modified_gmt":"2019-10-09T21:18:54","slug":"spielhaus-dannerallee","status":"publish","type":"page","link":"https:\/\/hamburger-spielhaeuser.de\/neu\/spielhaus-dannerallee\/","title":{"rendered":"Spielhaus Dannerallee"},"content":{"rendered":"\n<div class=\"wp-block-media-text alignwide has-media-on-the-right\" style=\"grid-template-columns:auto 40%\"><figure class=\"wp-block-media-text__media\"><img src=\"http:\/\/hamburger-spielhaeuser.de\/spielhaeuser\/dannerallee\/images\/horner_geest1_300q.jpg\" alt=\"\" class=\"wp-image-444\"\/><\/figure><div class=\"wp-block-media-text__content\">\n<p style=\"color:#2468a0\" class=\"has-text-color\"><strong>Dannerallee 5<br>22119 Hamburg<\/strong><\/p>\n\n\n\n<p style=\"color:#2468a0\" class=\"has-text-color\"><strong>Tel: 040 \/ 670 49 686<br>e-mail: <\/strong><a href=\"mailto:spielhaus.dannerallee@web.de\"><strong>spielhaus.dannerallee@web.de<\/strong><\/a><strong> <\/strong><br><\/p>\n\n\n\n<p style=\"color:#2468a0\" class=\"has-text-color\"><strong>Tr\u00e4ger der Einrichtung:<br>Jugendzentrum Horner Geest e.V.<\/strong><\/p>\n<\/div><\/div>\n\n\n\n<div style=\"height:20px\" aria-hidden=\"true\" class=\"wp-block-spacer\"><\/div>\n\n\n\n<hr class=\"wp-block-separator is-style-wide\"\/>\n\n\n\n<p>Unsere Angebote richten sich an Kinder im Alter von 6 bis 14 Jahren, denen wir eine sinnvolle Freizeitbesch\u00e4ftigung nach der Schule bieten. <\/p>\n\n\n\n<p>Im Spielhaus Dannerallee, in direkter Nachbarschaft zum B\u00fcrgertreff Horner Geest, k\u00f6nnen die Kinder spielen, basteln, sportlichen Aktivit\u00e4ten nachgehen oder an Gruppen, wie Kochen, Lesen, Tanz oder Musik teilnehmen. <\/p>\n\n\n\n<p>Auch Projektarbeiten, wie z.B. \u201eRaus in die Natur\u201c, \u201eSpielzeugfreie Zeit\u201c oder \u201eLeseclub\u201c finden gro\u00dfen Anklang. <\/p>\n\n\n\n<p>In den Ferien werden gemeinsam Ausfl\u00fcge, \u00dcbernachtungen im Spielhaus und eine 11-t\u00e4gige Sommerreise gemacht. <\/p>\n\n\n\n<p>Dem Spielhaus-Team ist es wichtig, dass die Kinder kommunikativ, selbstbewusst, h\u00f6flich und respektvoll in die Welt gehen, daher haben die Kinder auch die Hausregeln f\u00fcr das t\u00e4gliche Miteinander selber erstellt. <\/p>\n\n\n\n<p>Kommt doch einfach mal vorbei. <br>Wir freuen uns auf euren Besuch! <\/p>\n","protected":false},"excerpt":{"rendered":"<p>Dannerallee 522119 Hamburg Tel: 040 \/ 670 49 686e-mail: spielhaus.dannerallee@web.de Tr\u00e4ger der Einrichtung:Jugendzentrum Horner Geest e.V. Unsere Angebote richten sich an Kinder im Alter von 6 bis 14 Jahren, denen wir eine sinnvolle Freizeitbesch\u00e4ftigung nach der Schule bieten. Im Spielhaus Dannerallee, in direkter Nachbarschaft zum B\u00fcrgertreff Horner Geest, k\u00f6nnen die Kinder spielen, basteln, sportlichen Aktivit\u00e4ten nachgehen oder an Gruppen, wie<\/p>\n","protected":false},"author":8,"featured_media":0,"parent":0,"menu_order":0,"comment_status":"closed","ping_status":"closed","template":"","meta":[],"_links":{"self":[{"href":"https:\/\/hamburger-spielhaeuser.de\/neu\/wp-json\/wp\/v2\/pages\/448"}],"collection":[{"href":"https:\/\/hamburger-spielhaeuser.de\/neu\/wp-json\/wp\/v2\/pages"}],"about":[{"href":"https:\/\/hamburger-spielhaeuser.de\/neu\/wp-json\/wp\/v2\/types\/page"}],"author":[{"embeddable":true,"href":"https:\/\/hamburger-spielhaeuser.de\/neu\/wp-json\/wp\/v2\/users\/8"}],"replies":[{"embeddable":true,"href":"https:\/\/hamburger-spielhaeuser.de\/neu\/wp-json\/wp\/v2\/comments?post=448"}],"version-history":[{"count":3,"href":"https:\/\/hamburger-spielhaeuser.de\/neu\/wp-json\/wp\/v2\/pages\/448\/revisions"}],"predecessor-version":[{"id":451,"href":"https:\/\/hamburger-spielhaeuser.de\/neu\/wp-json\/wp\/v2\/pages\/448\/revisions\/451"}],"wp:attachment":[{"href":"https:\/\/hamburger-spielhaeuser.de\/neu\/wp-json\/wp\/v2\/media?parent=448"}],"curies":[{"name":"wp","href":"https:\/\/api.w.org\/{rel}","templated":true}]}}