{"id":453,"date":"2019-09-09T09:09:20","date_gmt":"2019-09-09T07:09:20","guid":{"rendered":"http:\/\/hamburger-spielhaeuser.de\/neu\/?page_id=453"},"modified":"2022-01-11T10:18:14","modified_gmt":"2022-01-11T09:18:14","slug":"spielhaus-horner-rennbahn","status":"publish","type":"page","link":"https:\/\/hamburger-spielhaeuser.de\/neu\/spielhaus-horner-rennbahn\/","title":{"rendered":"Spielhaus Horner Rennbahn"},"content":{"rendered":"\n<div class=\"wp-block-media-text alignwide has-media-on-the-right\"><figure class=\"wp-block-media-text__media\"><img src=\"http:\/\/hamburger-spielhaeuser.de\/spielhaeuser\/hornerrennbahn\/images\/spielhaus.jpg\" alt=\"\" class=\"wp-image-445\" \/><\/figure><div class=\"wp-block-media-text__content\">\n<p class=\"has-text-color\" style=\"color:#2468a0\"><strong>Rennbahnstra\u00dfe 96 a<br>22111 Hamburg <\/strong><\/p>\n\n\n\n<p class=\"has-text-color\" style=\"color:#2468a0\"><strong>Tel: 040 \/350 359 82<\/strong><\/p>\n\n\n\n<p class=\"has-text-color\" style=\"color:#2468a0\"><strong>Mobil: 0157\/ 805 354 42<\/strong><\/p>\n\n\n\n<p class=\"has-text-color\" style=\"color:#2468a0\"><strong><br>Email: info@spielhaus-horner-rennbahn.de<\/strong><\/p>\n\n\n\n<p class=\"has-primary-color has-text-color\"><a href=\"http:\/\/www.spielhaus-horner-rennbahn.de\"><strong>www.spielhaus-horner-rennbahn.de <\/strong><\/a><\/p>\n\n\n\n<p class=\"has-text-color\" style=\"color:#2468a0\"><strong>Tr\u00e4ger der Einrichtung:<br>Kinder- und Jugend(T)Raum e.V.<\/strong><\/p>\n<\/div><\/div>\n\n\n\n<div style=\"height:20px\" aria-hidden=\"true\" class=\"wp-block-spacer\"><\/div>\n\n\n\n<hr class=\"wp-block-separator is-style-wide\" \/>\n\n\n\n<p>Was machen wir?<\/p>\n\n\n\n<p><strong>Eltern-Kind-Gruppen und Familientreff <\/strong>(0-5 Jahre mit Eltern):<\/p>\n\n\n\n<p>Eltern k\u00f6nnen bei uns zusammenkommen und sich mit anderen Familien in lockerer Runde austauschen. Es gibt Gruppenangebote wie Basteln, N\u00e4hen, Kochen und Backen, Kinderturnen, M\u00fcttersport. Die tollsten Stunden der Woche f\u00fcr die \u2018Kleinen\u2019 mit Spielen, Singen, Vorlesen und Lernen der ersten Finger- und Kreisspiele mit den Eltern gemeinsam.<\/p>\n\n\n\n<p><strong>M\u00fctterberatung, Geburtsvorbereitung und Schwangerenkaffee<\/strong><\/p>\n\n\n\n<p>Bei unserer Hebamme k\u00f6nnen sich Frauen beraten lassen oder an dem speziellen Angebot teilnehmen.<\/p>\n\n\n\n<p><strong>Offene Kinder- und Jugendarbeit <\/strong>(6-14 Jahre):<\/p>\n\n\n\n<p>Neben  dem offenen Bereich in dem je nach Lust und Laune gespielt, gebastelt  oder einfach nur gechillt werden kann, haben wir folgende Kurse im Angebot: Kreatives und Werken, Fu\u00dfball, Kochen und Backen.<\/p>\n\n\n\n<p>In den Schulferien bieten wir ein extra Ferienprogramm an.<\/p>\n\n\n\n<p>Das  aktuelle Wochen- und Ferienprogramm bekommt ihr im Spielhaus oder  schaut auf unsere Internetseite.<\/p>\n\n\n\n<p>Wer hier spielen oder auch nur mal  schauen will, ist herzlich willkommen!<\/p>\n","protected":false},"excerpt":{"rendered":"<p>Rennbahnstra\u00dfe 96 a22111 Hamburg Tel: 040 \/350 359 82 Mobil: 0157\/ 805 354 42 Email: info@spielhaus-horner-rennbahn.de www.spielhaus-horner-rennbahn.de Tr\u00e4ger der Einrichtung:Kinder- und Jugend(T)Raum e.V. Was machen wir? Eltern-Kind-Gruppen und Familientreff (0-5 Jahre mit Eltern): Eltern k\u00f6nnen bei uns zusammenkommen und sich mit anderen Familien in lockerer Runde austauschen. Es gibt Gruppenangebote wie Basteln, N\u00e4hen, Kochen und Backen, Kinderturnen, M\u00fcttersport. Die tollsten<\/p>\n","protected":false},"author":16,"featured_media":0,"parent":0,"menu_order":0,"comment_status":"closed","ping_status":"closed","template":"","meta":[],"_links":{"self":[{"href":"https:\/\/hamburger-spielhaeuser.de\/neu\/wp-json\/wp\/v2\/pages\/453"}],"collection":[{"href":"https:\/\/hamburger-spielhaeuser.de\/neu\/wp-json\/wp\/v2\/pages"}],"about":[{"href":"https:\/\/hamburger-spielhaeuser.de\/neu\/wp-json\/wp\/v2\/types\/page"}],"author":[{"embeddable":true,"href":"https:\/\/hamburger-spielhaeuser.de\/neu\/wp-json\/wp\/v2\/users\/16"}],"replies":[{"embeddable":true,"href":"https:\/\/hamburger-spielhaeuser.de\/neu\/wp-json\/wp\/v2\/comments?post=453"}],"version-history":[{"count":3,"href":"https:\/\/hamburger-spielhaeuser.de\/neu\/wp-json\/wp\/v2\/pages\/453\/revisions"}],"predecessor-version":[{"id":1284,"href":"https:\/\/hamburger-spielhaeuser.de\/neu\/wp-json\/wp\/v2\/pages\/453\/revisions\/1284"}],"wp:attachment":[{"href":"https:\/\/hamburger-spielhaeuser.de\/neu\/wp-json\/wp\/v2\/media?parent=453"}],"curies":[{"name":"wp","href":"https:\/\/api.w.org\/{rel}","templated":true}]}}