{"id":463,"date":"2019-10-10T05:00:36","date_gmt":"2019-10-10T03:00:36","guid":{"rendered":"http:\/\/hamburger-spielhaeuser.de\/neu\/?page_id=463"},"modified":"2024-09-27T14:37:09","modified_gmt":"2024-09-27T12:37:09","slug":"spielhaus-lohbruegger-landstrasse","status":"publish","type":"page","link":"https:\/\/hamburger-spielhaeuser.de\/neu\/spielhaus-lohbruegger-landstrasse\/","title":{"rendered":"Spielhaus LoLa (Lohbr\u00fcgger Landstra\u00dfe)"},"content":{"rendered":"\n<div class=\"wp-block-media-text alignwide has-media-on-the-right\" style=\"grid-template-columns:auto 37%\"><figure class=\"wp-block-media-text__media\"><img loading=\"lazy\" width=\"640\" height=\"480\" src=\"https:\/\/hamburger-spielhaeuser.de\/neu\/wp-content\/uploads\/2.jpg\" alt=\"\" class=\"wp-image-1694 size-full\" srcset=\"https:\/\/hamburger-spielhaeuser.de\/neu\/wp-content\/uploads\/2.jpg 640w, https:\/\/hamburger-spielhaeuser.de\/neu\/wp-content\/uploads\/2-300x225.jpg 300w\" sizes=\"(max-width: 640px) 100vw, 640px\" \/><\/figure><div class=\"wp-block-media-text__content\">\n<p class=\"has-primary-color has-text-color\"><strong>Lohbr\u00fcgger Landstra\u00dfe 55<br>21031 Hamburg<\/strong><br><strong>Tel: +49 40 739 82 72<\/strong><\/p>\n\n\n\n<p class=\"has-primary-color has-text-color\" style=\"font-size:15px\">Leitung: Claudia B\u00e4delt<\/p>\n\n\n\n<p class=\"has-primary-color has-text-color\" style=\"font-size:15px\">Tr\u00e4ger der Einrichtung:<br><a href=\"https:\/\/www.hamburg.de\/bergedorf\/navigation-soziales\/\">Bezirksamt Hamburg Bergedorf<\/a><\/p>\n\n\n\n<p><\/p>\n<\/div><\/div>\n\n\n\n<div class=\"wp-container-1 wp-block-group\"><div class=\"wp-block-group__inner-container\">\n<div style=\"height:20px\" aria-hidden=\"true\" class=\"wp-block-spacer\"><\/div>\n\n\n\n<hr class=\"wp-block-separator is-style-wide\" \/>\n\n\n\n<div style=\"height:20px\" aria-hidden=\"true\" class=\"wp-block-spacer\"><\/div>\n<\/div><\/div>\n\n\n\n<h4 class=\"has-primary-color has-text-color\" style=\"font-size:18px\"><strong>\u00d6ffnungszeiten: montags bis freitags 14 bis 18 Uhr <\/strong><\/h4>\n\n\n\n<p class=\"has-primary-color has-text-color\">(In den Ferien k\u00f6nnen die \u00d6ffnungszeiten aufgrund besonderer Angebote und Projekte abweichen. Bitte beachte dazu die aktuellen Mitteilungen und Aush\u00e4nge!)<\/p>\n\n\n\n<p class=\"has-primary-color has-text-color\"><strong>Das Spielhaus freut sich auf Deinen Besuch, wenn Du zwischen 6 und 13 Jahre alt bist.<\/strong><\/p>\n\n\n\n<p class=\"has-primary-color has-text-color\">Du findest das Spielhaus LoLa mitten auf dem Spielplatz zwischen der Lohbr\u00fcgger Landstra\u00dfe und der Marnitzstra\u00dfe. Das gro\u00dfe Au\u00dfengel\u00e4nde bietet sowohl j\u00fcngeren als auch \u00e4lteren Kindern eine gro\u00dfe Auswahl an Spielger\u00e4ten. Es gibt einen Kletterturm- und pyramide mit Rutsche, Schaukeln, eine Seilbahn, eine Tischtennisplatte, ein Trampolin und eine Wasserspielanlage.<\/p>\n\n\n\n<p class=\"has-primary-color has-text-color\">Je nach Wetterlage k\u00f6nnt ihr bei uns Fahrzeuge f\u00fcr den Au\u00dfenbereich ausleihen.<\/p>\n\n\n\n<p class=\"has-primary-color has-text-color\">Das Spielhaus LoLa bietet durch die verschiedenen R\u00e4umlichkeiten die M\u00f6glichkeit zeitgleich verschiedene Interessengruppen anzubieten.<\/p>\n\n\n\n<p class=\"has-primary-color has-text-color\">Wir w\u00fcnschen wir uns von Dir, dass Du Deine W\u00fcnsche und Bed\u00fcrfnisse mit uns besprichst, damit du das Angebot vor Ort mitgestalten kannst.<\/p>\n\n\n\n<p class=\"has-primary-color has-text-color\">Nat\u00fcrlich kannst Du auch einfach so vorbeikommen und die verschiedenen Spiele ausprobieren oder malen, basteln, lesen, Musik h\u00f6ren\u2026<\/p>\n\n\n\n<p class=\"has-primary-color has-text-color\"><strong>Die Angebote des Spielhauses sind in der Regel kostenfrei.<\/strong><\/p>\n\n\n\n<p class=\"has-primary-color has-text-color\">In den Ferien versuchen wir, aufgrund eurer Vorschl\u00e4ge, ein buntes Sonderprogramm mit Ausfl\u00fcgen und Projekten zu gestalten.<\/p>\n\n\n\n<p class=\"has-primary-color has-text-color\">Wir sind im Stadtteil und mit anderen Einrichtungen der Kinder- und Jugendhilfe vernetzt. Zusammenarbeit bietet immer mehr M\u00f6glichkeiten und erweitert dadurch nat\u00fcrlich auch euer Spektrum.<\/p>\n\n\n\n<p class=\"has-primary-color has-text-color\" style=\"font-size:18px\">Im Spielhaus LoLa ist uns ein friedliches, wertsch\u00e4tzendes Miteinander wichtig. Wir achten auf einander und lernen von- und miteinander.<\/p>\n\n\n\n<p><\/p>\n\n\n\n<p class=\"has-light-gray-background-color has-background\" style=\"font-size:16px\"><strong>Was ist ein Spielhaus eigentlich?<\/strong><\/p>\n\n\n\n<p class=\"has-light-gray-background-color has-background\">Die Spielh\u00e4user sind Freizeit-Einrichtungen der OKJA (offenen Kinder- und Jugendarbeit), in denen Kinder zwischen 6 und 13 Jahren in ihrer Freizeit die M\u00f6glichkeit haben sich zu treffen, in einem gesch\u00fctzten Raum ihre F\u00e4higkeiten in verschiedenen Bereichen erproben und erweitern zu k\u00f6nnen und dar\u00fcber hinaus ihre sozialen Kompetenzen weiter zu entwickeln. (Wer es jetzt ganz genau wissen m\u00f6chte, schaut mal im SGB VIII (\u00a7\u00a7 11 und  13 Kinder- und Jugendhilfegesetz). Dort ist der gesetzliche Auftrag f\u00fcr die offene Kinder- und Jugendarbeit verankert.<\/p>\n\n\n\n<p><\/p>\n\n\n\n<div class=\"wp-container-2 wp-block-group\"><div class=\"wp-block-group__inner-container\">\n<div style=\"height:20px\" aria-hidden=\"true\" class=\"wp-block-spacer\"><\/div>\n\n\n\n<hr class=\"wp-block-separator is-style-wide\" \/>\n\n\n\n<div style=\"height:20px\" aria-hidden=\"true\" class=\"wp-block-spacer\"><\/div>\n<\/div><\/div>\n\n\n\n<figure class=\"wp-block-gallery aligncenter has-nested-images columns-default is-cropped\">\n<figure class=\"wp-block-image size-large\"><img loading=\"lazy\" width=\"640\" height=\"480\" data-id=\"1695\"  src=\"https:\/\/hamburger-spielhaeuser.de\/neu\/wp-content\/uploads\/3.jpg\" alt=\"\" class=\"wp-image-1695\" srcset=\"https:\/\/hamburger-spielhaeuser.de\/neu\/wp-content\/uploads\/3.jpg 640w, https:\/\/hamburger-spielhaeuser.de\/neu\/wp-content\/uploads\/3-300x225.jpg 300w\" sizes=\"(max-width: 640px) 100vw, 640px\" \/><\/figure>\n\n\n\n<figure class=\"wp-block-image size-large\"><img loading=\"lazy\" width=\"640\" height=\"480\" data-id=\"1696\"  src=\"https:\/\/hamburger-spielhaeuser.de\/neu\/wp-content\/uploads\/4.jpg\" alt=\"\" class=\"wp-image-1696\" srcset=\"https:\/\/hamburger-spielhaeuser.de\/neu\/wp-content\/uploads\/4.jpg 640w, https:\/\/hamburger-spielhaeuser.de\/neu\/wp-content\/uploads\/4-300x225.jpg 300w\" sizes=\"(max-width: 640px) 100vw, 640px\" \/><\/figure>\n\n\n\n<figure class=\"wp-block-image size-large\"><img loading=\"lazy\" width=\"640\" height=\"480\" data-id=\"1699\"  src=\"https:\/\/hamburger-spielhaeuser.de\/neu\/wp-content\/uploads\/9.jpg\" alt=\"\" class=\"wp-image-1699\" srcset=\"https:\/\/hamburger-spielhaeuser.de\/neu\/wp-content\/uploads\/9.jpg 640w, https:\/\/hamburger-spielhaeuser.de\/neu\/wp-content\/uploads\/9-300x225.jpg 300w\" sizes=\"(max-width: 640px) 100vw, 640px\" \/><\/figure>\n\n\n\n<figure class=\"wp-block-image size-large\"><img loading=\"lazy\" width=\"640\" height=\"480\" data-id=\"1697\"  src=\"https:\/\/hamburger-spielhaeuser.de\/neu\/wp-content\/uploads\/7.jpg\" alt=\"\" class=\"wp-image-1697\" srcset=\"https:\/\/hamburger-spielhaeuser.de\/neu\/wp-content\/uploads\/7.jpg 640w, https:\/\/hamburger-spielhaeuser.de\/neu\/wp-content\/uploads\/7-300x225.jpg 300w\" sizes=\"(max-width: 640px) 100vw, 640px\" \/><\/figure>\n\n\n\n<figure class=\"wp-block-image size-large\"><img loading=\"lazy\" width=\"220\" height=\"165\" data-id=\"845\"  src=\"https:\/\/hamburger-spielhaeuser.de\/neu\/wp-content\/uploads\/spielpl2.jpg\" alt=\"\" class=\"wp-image-845\" \/><\/figure>\n\n\n\n<figure class=\"wp-block-image size-large\"><img loading=\"lazy\" width=\"640\" height=\"480\" data-id=\"1698\"  src=\"https:\/\/hamburger-spielhaeuser.de\/neu\/wp-content\/uploads\/8.jpg\" alt=\"\" class=\"wp-image-1698\" srcset=\"https:\/\/hamburger-spielhaeuser.de\/neu\/wp-content\/uploads\/8.jpg 640w, https:\/\/hamburger-spielhaeuser.de\/neu\/wp-content\/uploads\/8-300x225.jpg 300w\" sizes=\"(max-width: 640px) 100vw, 640px\" \/><\/figure>\n<\/figure>\n\n\n\n<div class=\"wp-block-image\"><figure class=\"aligncenter size-large\"><img loading=\"lazy\" width=\"310\" height=\"231\" src=\"https:\/\/hamburger-spielhaeuser.de\/neu\/wp-content\/uploads\/sph-lohbr-landstr_logo.png\" alt=\"\" class=\"wp-image-814\" srcset=\"https:\/\/hamburger-spielhaeuser.de\/neu\/wp-content\/uploads\/sph-lohbr-landstr_logo.png 310w, https:\/\/hamburger-spielhaeuser.de\/neu\/wp-content\/uploads\/sph-lohbr-landstr_logo-300x224.png 300w\" sizes=\"(max-width: 310px) 100vw, 310px\" \/><\/figure><\/div>\n\n\n\n<div class=\"wp-container-4 wp-block-group\"><div class=\"wp-block-group__inner-container\">\n<div class=\"wp-container-3 wp-block-group\"><div class=\"wp-block-group__inner-container\">\n<figure class=\"wp-block-gallery has-nested-images columns-default is-cropped\">\n<figure class=\"wp-block-image size-large\"><img loading=\"lazy\" width=\"480\" height=\"640\" src=\"https:\/\/hamburger-spielhaeuser.de\/neu\/wp-content\/uploads\/21-3-rotated.jpg\" alt=\"\" class=\"wp-image-1712\" srcset=\"https:\/\/hamburger-spielhaeuser.de\/neu\/wp-content\/uploads\/21-3-rotated.jpg 480w, https:\/\/hamburger-spielhaeuser.de\/neu\/wp-content\/uploads\/21-3-225x300.jpg 225w\" sizes=\"(max-width: 480px) 100vw, 480px\" \/><\/figure>\n\n\n\n<figure class=\"wp-block-image size-large\"><img loading=\"lazy\" width=\"480\" height=\"640\" src=\"https:\/\/hamburger-spielhaeuser.de\/neu\/wp-content\/uploads\/19-2-rotated.jpg\" alt=\"\" class=\"wp-image-1713\" srcset=\"https:\/\/hamburger-spielhaeuser.de\/neu\/wp-content\/uploads\/19-2-rotated.jpg 480w, https:\/\/hamburger-spielhaeuser.de\/neu\/wp-content\/uploads\/19-2-225x300.jpg 225w\" sizes=\"(max-width: 480px) 100vw, 480px\" \/><\/figure>\n\n\n\n<figure class=\"wp-block-image size-large\"><img loading=\"lazy\" width=\"480\" height=\"640\" src=\"https:\/\/hamburger-spielhaeuser.de\/neu\/wp-content\/uploads\/14-1-rotated.jpg\" alt=\"\" class=\"wp-image-1714\" srcset=\"https:\/\/hamburger-spielhaeuser.de\/neu\/wp-content\/uploads\/14-1-rotated.jpg 480w, https:\/\/hamburger-spielhaeuser.de\/neu\/wp-content\/uploads\/14-1-225x300.jpg 225w\" sizes=\"(max-width: 480px) 100vw, 480px\" \/><\/figure>\n\n\n\n<figure class=\"wp-block-image size-large\"><img loading=\"lazy\" width=\"480\" height=\"640\" src=\"https:\/\/hamburger-spielhaeuser.de\/neu\/wp-content\/uploads\/18-1-rotated.jpg\" alt=\"\" class=\"wp-image-1715\" srcset=\"https:\/\/hamburger-spielhaeuser.de\/neu\/wp-content\/uploads\/18-1-rotated.jpg 480w, https:\/\/hamburger-spielhaeuser.de\/neu\/wp-content\/uploads\/18-1-225x300.jpg 225w\" sizes=\"(max-width: 480px) 100vw, 480px\" \/><\/figure>\n\n\n\n<figure class=\"wp-block-image size-large\"><img loading=\"lazy\" width=\"640\" height=\"480\" src=\"https:\/\/hamburger-spielhaeuser.de\/neu\/wp-content\/uploads\/15-2.jpg\" alt=\"\" class=\"wp-image-1717\" srcset=\"https:\/\/hamburger-spielhaeuser.de\/neu\/wp-content\/uploads\/15-2.jpg 640w, https:\/\/hamburger-spielhaeuser.de\/neu\/wp-content\/uploads\/15-2-300x225.jpg 300w\" sizes=\"(max-width: 640px) 100vw, 640px\" \/><\/figure>\n\n\n\n<figure class=\"wp-block-image size-large\"><img loading=\"lazy\" width=\"640\" height=\"480\" src=\"https:\/\/hamburger-spielhaeuser.de\/neu\/wp-content\/uploads\/16-1.jpg\" alt=\"\" class=\"wp-image-1718\" srcset=\"https:\/\/hamburger-spielhaeuser.de\/neu\/wp-content\/uploads\/16-1.jpg 640w, https:\/\/hamburger-spielhaeuser.de\/neu\/wp-content\/uploads\/16-1-300x225.jpg 300w\" sizes=\"(max-width: 640px) 100vw, 640px\" \/><\/figure>\n\n\n\n<figure class=\"wp-block-image size-large\"><img loading=\"lazy\" width=\"640\" height=\"480\" src=\"https:\/\/hamburger-spielhaeuser.de\/neu\/wp-content\/uploads\/17-1.jpg\" alt=\"\" class=\"wp-image-1719\" srcset=\"https:\/\/hamburger-spielhaeuser.de\/neu\/wp-content\/uploads\/17-1.jpg 640w, https:\/\/hamburger-spielhaeuser.de\/neu\/wp-content\/uploads\/17-1-300x225.jpg 300w\" sizes=\"(max-width: 640px) 100vw, 640px\" \/><\/figure>\n<\/figure>\n<\/div><\/div>\n<\/div><\/div>\n\n\n\n<hr class=\"wp-block-separator is-style-wide\" \/>\n\n\n\n<div style=\"height:20px\" aria-hidden=\"true\" class=\"wp-block-spacer\"><\/div>\n","protected":false},"excerpt":{"rendered":"<p>Lohbr\u00fcgger Landstra\u00dfe 5521031 HamburgTel: +49 40 739 82 72 Leitung: Claudia B\u00e4delt Tr\u00e4ger der Einrichtung:Bezirksamt Hamburg Bergedorf \u00d6ffnungszeiten: montags bis freitags 14 bis 18 Uhr (In den Ferien k\u00f6nnen die \u00d6ffnungszeiten aufgrund besonderer Angebote und Projekte abweichen. Bitte beachte dazu die aktuellen Mitteilungen und Aush\u00e4nge!) Das Spielhaus freut sich auf Deinen Besuch, wenn Du zwischen 6 und 13 Jahre alt<\/p>\n","protected":false},"author":22,"featured_media":0,"parent":0,"menu_order":0,"comment_status":"closed","ping_status":"closed","template":"","meta":[],"_links":{"self":[{"href":"https:\/\/hamburger-spielhaeuser.de\/neu\/wp-json\/wp\/v2\/pages\/463"}],"collection":[{"href":"https:\/\/hamburger-spielhaeuser.de\/neu\/wp-json\/wp\/v2\/pages"}],"about":[{"href":"https:\/\/hamburger-spielhaeuser.de\/neu\/wp-json\/wp\/v2\/types\/page"}],"author":[{"embeddable":true,"href":"https:\/\/hamburger-spielhaeuser.de\/neu\/wp-json\/wp\/v2\/users\/22"}],"replies":[{"embeddable":true,"href":"https:\/\/hamburger-spielhaeuser.de\/neu\/wp-json\/wp\/v2\/comments?post=463"}],"version-history":[{"count":5,"href":"https:\/\/hamburger-spielhaeuser.de\/neu\/wp-json\/wp\/v2\/pages\/463\/revisions"}],"predecessor-version":[{"id":1720,"href":"https:\/\/hamburger-spielhaeuser.de\/neu\/wp-json\/wp\/v2\/pages\/463\/revisions\/1720"}],"wp:attachment":[{"href":"https:\/\/hamburger-spielhaeuser.de\/neu\/wp-json\/wp\/v2\/media?parent=463"}],"curies":[{"name":"wp","href":"https:\/\/api.w.org\/{rel}","templated":true}]}}