{"id":464,"date":"2019-09-09T09:09:09","date_gmt":"2019-10-10T03:00:36","guid":{"rendered":"http:\/\/hamburger-spielhaeuser.de\/neu\/?page_id=464"},"modified":"2024-04-03T17:16:24","modified_gmt":"2024-04-03T15:16:24","slug":"spielhaus-horner-landstrasse","status":"publish","type":"page","link":"https:\/\/hamburger-spielhaeuser.de\/neu\/spielhaus-horner-landstrasse\/","title":{"rendered":"Spielhaus Horner Landstra\u00dfe"},"content":{"rendered":"\n<div class=\"wp-block-media-text alignwide has-media-on-the-right is-stacked-on-mobile\" style=\"grid-template-columns:auto 43%\"><figure class=\"wp-block-media-text__media\"><img loading=\"lazy\" width=\"300\" height=\"200\" src=\"https:\/\/hamburger-spielhaeuser.de\/neu\/wp-content\/uploads\/P1250439-1920w-300x200.webp\" alt=\"MaMo-Spielhaus\" class=\"wp-image-1610 size-medium\"\/><\/figure><div class=\"wp-block-media-text__content\">\n<p class=\"has-text-color\" style=\"color:#214260\"><strong>Horner Landstra\u00dfe 246 a<br>22111 Hamburg<\/strong><br><br><strong>Tel: 040 \/ 650 10 00<br>e-mail: <a href=\"mailto:spielhaus@maxundmoritz-jugendhilfe.de\">spielhaus@maxundmoritz-jugendhilfe.de<\/a> <\/strong><br><br><strong>Tr\u00e4ger der Einrichtung:<br>Max und Moritz Jugendhilfe e.V.<\/strong><br><br><strong>Website: <a href=\"https:\/\/www.maxundmoritz-jugendhilfe.de\/unsereangebote#Spielhaus\">www.maxundmoritz-jugendhilfe.de<\/a><\/strong><br><strong>Instagram: <a href=\"https:\/\/www.instagram.com\/spielhaus_mamo\/\">www.instagram.com\/spielhaus_mamo\/<\/a><\/strong> <\/p>\n<\/div><\/div>\n\n\n\n<div class=\"wp-container-1 wp-block-group\"><div class=\"wp-block-group__inner-container\">\n<div style=\"height:20px\" aria-hidden=\"true\" class=\"wp-block-spacer\"><\/div>\n\n\n\n<hr class=\"wp-block-separator is-style-wide\"\/>\n\n\n\n<div style=\"height:20px\" aria-hidden=\"true\" class=\"wp-block-spacer\"><\/div>\n<\/div><\/div>\n\n\n\n<p>Das Spielhaus liegt mitten in der Gr\u00fcnanlage Horner Park. Zum Haus \ngeh\u00f6rt ein gro\u00dfer, attraktiver Spielplatz, eine Turnhalle und ein \nGarten. Das Haus hat einen offenen Charakter. Die Besucher k\u00f6nnen ohne \nAnmeldung jederzeit vorbeikommen.<\/p>\n\n\n\n<p>Im offenen Bereich finden die Kinder allerlei Spielm\u00f6glichkeiten. F\u00fcr\n Kinder und Eltern sind immer Ansprechpersonen im Haus. Neben dem \noffenen Bereich werden t\u00e4glich Gruppenangebote angeboten, an denen die \nKinder ohne Voranmeldung teilnehmen k\u00f6nnen. Dazu geh\u00f6ren auch \ngesundheitsf\u00f6rdernde Schwerpunkte wie Psychomotorisches Turnen, \nPampers-Turnen, Projekte zur gesunden Ern\u00e4hrung im Garten und in der \nK\u00fcche.<\/p>\n\n\n\n<div class=\"wp-block-image\"><figure class=\"aligncenter size-large is-resized\"><img loading=\"lazy\" src=\"http:\/\/hamburger-spielhaeuser.de\/neu\/wp-content\/uploads\/sph-hola_300x300.jpg\" alt=\"\" class=\"wp-image-748\" width=\"555\" height=\"555\" srcset=\"https:\/\/hamburger-spielhaeuser.de\/neu\/wp-content\/uploads\/sph-hola_300x300.jpg 300w, https:\/\/hamburger-spielhaeuser.de\/neu\/wp-content\/uploads\/sph-hola_300x300-150x150.jpg 150w, https:\/\/hamburger-spielhaeuser.de\/neu\/wp-content\/uploads\/sph-hola_300x300-90x90.jpg 90w, https:\/\/hamburger-spielhaeuser.de\/neu\/wp-content\/uploads\/sph-hola_300x300-75x75.jpg 75w\" sizes=\"(max-width: 555px) 100vw, 555px\" \/><\/figure><\/div>\n\n\n\n<figure class=\"wp-block-gallery has-nested-images columns-default is-cropped\">\n<figure class=\"wp-block-image size-large\"><a href=\"https:\/\/hamburger-spielhaeuser.de\/neu\/wp-content\/uploads\/max_und_moritz.jpg\"><img loading=\"lazy\" width=\"608\" height=\"427\" data-id=\"747\"  src=\"http:\/\/hamburger-spielhaeuser.de\/neu\/wp-content\/uploads\/max_und_moritz.jpg\" alt=\"\" class=\"wp-image-747\" srcset=\"https:\/\/hamburger-spielhaeuser.de\/neu\/wp-content\/uploads\/max_und_moritz.jpg 608w, https:\/\/hamburger-spielhaeuser.de\/neu\/wp-content\/uploads\/max_und_moritz-300x211.jpg 300w\" sizes=\"(max-width: 608px) 100vw, 608px\" \/><\/a><\/figure>\n\n\n\n<figure class=\"wp-block-image size-large\"><a href=\"https:\/\/hamburger-spielhaeuser.de\/neu\/wp-content\/uploads\/sph-horner_landstrasse_logo.png\"><img loading=\"lazy\" width=\"225\" height=\"150\" data-id=\"750\"  src=\"http:\/\/hamburger-spielhaeuser.de\/neu\/wp-content\/uploads\/sph-horner_landstrasse_logo.png\" alt=\"\" class=\"wp-image-750\"\/><\/a><\/figure>\n<\/figure>\n\n\n\n<div class=\"wp-container-2 wp-block-group\"><div class=\"wp-block-group__inner-container\">\n<div style=\"height:20px\" aria-hidden=\"true\" class=\"wp-block-spacer\"><\/div>\n\n\n\n<hr class=\"wp-block-separator is-style-wide\"\/>\n\n\n\n<div style=\"height:20px\" aria-hidden=\"true\" class=\"wp-block-spacer\"><\/div>\n<\/div><\/div>\n","protected":false},"excerpt":{"rendered":"<p>Horner Landstra\u00dfe 246 a22111 Hamburg Tel: 040 \/ 650 10 00e-mail: spielhaus@maxundmoritz-jugendhilfe.de Tr\u00e4ger der Einrichtung:Max und Moritz Jugendhilfe e.V. Website: www.maxundmoritz-jugendhilfe.deInstagram: www.instagram.com\/spielhaus_mamo\/ Das Spielhaus liegt mitten in der Gr\u00fcnanlage Horner Park. Zum Haus geh\u00f6rt ein gro\u00dfer, attraktiver Spielplatz, eine Turnhalle und ein Garten. Das Haus hat einen offenen Charakter. Die Besucher k\u00f6nnen ohne Anmeldung jederzeit vorbeikommen. Im offenen Bereich finden<\/p>\n","protected":false},"author":15,"featured_media":0,"parent":0,"menu_order":0,"comment_status":"closed","ping_status":"closed","template":"","meta":[],"_links":{"self":[{"href":"https:\/\/hamburger-spielhaeuser.de\/neu\/wp-json\/wp\/v2\/pages\/464"}],"collection":[{"href":"https:\/\/hamburger-spielhaeuser.de\/neu\/wp-json\/wp\/v2\/pages"}],"about":[{"href":"https:\/\/hamburger-spielhaeuser.de\/neu\/wp-json\/wp\/v2\/types\/page"}],"author":[{"embeddable":true,"href":"https:\/\/hamburger-spielhaeuser.de\/neu\/wp-json\/wp\/v2\/users\/15"}],"replies":[{"embeddable":true,"href":"https:\/\/hamburger-spielhaeuser.de\/neu\/wp-json\/wp\/v2\/comments?post=464"}],"version-history":[{"count":5,"href":"https:\/\/hamburger-spielhaeuser.de\/neu\/wp-json\/wp\/v2\/pages\/464\/revisions"}],"predecessor-version":[{"id":1611,"href":"https:\/\/hamburger-spielhaeuser.de\/neu\/wp-json\/wp\/v2\/pages\/464\/revisions\/1611"}],"wp:attachment":[{"href":"https:\/\/hamburger-spielhaeuser.de\/neu\/wp-json\/wp\/v2\/media?parent=464"}],"curies":[{"name":"wp","href":"https:\/\/api.w.org\/{rel}","templated":true}]}}