{"id":466,"date":"2019-09-09T09:09:36","date_gmt":"2019-09-09T07:09:36","guid":{"rendered":"http:\/\/hamburger-spielhaeuser.de\/neu\/?page_id=466"},"modified":"2019-10-10T07:20:57","modified_gmt":"2019-10-10T05:20:57","slug":"spiehaus-kiebitz","status":"publish","type":"page","link":"https:\/\/hamburger-spielhaeuser.de\/neu\/spiehaus-kiebitz\/","title":{"rendered":"Spielhaus Kiebitz"},"content":{"rendered":"\n<div class=\"wp-block-media-text alignwide has-media-on-the-right\"><figure class=\"wp-block-media-text__media\"><img src=\"http:\/\/hamburger-spielhaeuser.de\/spielhaeuser\/kiebitz\/images\/hausaussen.jpg\" alt=\"\" class=\"wp-image-284\"\/><\/figure><div class=\"wp-block-media-text__content\">\n<p style=\"color:#214260\" class=\"has-text-color\"><strong>Konrad-Veix-Stieg 3b<br>21035 Hamburg <\/strong><br><br><strong>Tel: 040 \/ 72 37 46 47<\/strong> <strong><br>e-mail: <a href=\"mailto:spielhaus-kiebitz@awo-hamburg.de\">spielhaus-kiebitz@awo-hamburg.de<\/a><br>Website: <a href=\"http:\/\/www.spielhaus-kiebitz.de\/\">www.spielhaus-kiebitz.de<\/a><br> <br>Tr\u00e4ger der Einrichtung:<br><a href=\"https:\/\/www.hamburg.de\/harburg\/kinder-jugendliche\/\">AWO Landesverband Hamburg<\/a><\/strong><\/p>\n<\/div><\/div>\n\n\n\n<div style=\"height:20px\" aria-hidden=\"true\" class=\"wp-block-spacer\"><\/div>\n\n\n\n<hr class=\"wp-block-separator is-style-wide\"\/>\n\n\n\n<h3>Unsere Angebote<\/h3>\n\n\n\n<p><br><strong>Offenes Haus<\/strong> : An drei Tagen steht das Haus allen  Kindern im Alter von 5-13 Jahren offen. Hier kann gespielt, getobt und  gelacht werden \u2013 Freunde treffen, eins unserer Angebote nutzen, jeder  ist herzlich willkommen.<\/p>\n\n\n\n<p>Unsere Angebote:<\/p>\n\n\n\n<ul><li>Montag: Spieletag<\/li><li>Mittwoch: Basteln<\/li><li>Freitag : Kochen\/Backen<\/li><\/ul>\n\n\n\n<p><strong>M\u00e4dchentag<\/strong>: F\u00fcr alle M\u00e4dchen zwischen 5 und 13 \nJahren gibt es jeden Dienstag zwischen 14:30 und 18 Uhr den M\u00e4dchentag \nim Spielhaus. Hier wird gequatscht, gebastelt, gekocht, gespielt und \nnoch vieles mehr.<\/p>\n\n\n\n<p><strong>Jungstag<\/strong>: F\u00fcr alle Jungen zwischen 5 und 13 Jahren \nmachen wir jeden Donnerstag ab 15 Uhr zum Jungstag! Zwischen 15:00 Uhr \u2013\n 18:00 Uhr findet immer ein tolles Angebot statt, z.B. werken wir etwas \noder Kochen zusammen.<\/p>\n\n\n\n<p><strong>Kiebitzgruppe<\/strong>: Es werden ca. 15 Kinder im Alter  von 2-6 Jahren in einer festen Gruppe betreut. Die Betreuung findet  unabh\u00e4ngig vom Gutscheinsystem statt und ist kostenlos. In der  Kiebitzgruppe bringen Eltern sich regelm\u00e4\u00dfig mit ein.<\/p>\n\n\n\n<p><strong>Offener-Eltern-Kind-Vormittag<\/strong>: An diesem Vormittag \nsteht allen Eltern mit Ihren Kindern das Spielhaus offen. Es wird \nzusammen gesungen, es gibt kleine Bastelangebote und\/oder ein \nBewegungsangebot. Zus\u00e4tzlich k\u00f6nnen die R\u00e4umlichkeiten des Spielhauses \ngenutzt werden. Es gibt keine feste Anfangszeit, so dass es jeder Zeit \nm\u00f6glich ist in den drei Stunden vorbei zu schauen.<\/p>\n\n\n\n<p>Zus\u00e4tzlich zu den w\u00f6chentlichen \u00d6ffnungszeiten gibt es einmal im \nMonat eine Wochenend-Aktion. Dann machen wir mit unseren Schulkindern \neinen Ausflug, beteiligen uns an Stadteilfesten oder laden zur \nAdventszeit zum gemeinsamen Kekse backen ins Spielhaus ein.<\/p>\n\n\n\n<p>Regelm\u00e4\u00dfig finden auch verschiedene Jahreszeiten-Feste, wie zum Beispiel die Faschingsdisko oder die Weihnachtsfeier statt.<\/p>\n\n\n\n<p style=\"color:#ea0000\" class=\"has-text-color has-medium-font-size\"><strong>Mehr zum Spielhaus auf der Website <\/strong><a href=\"https:\/\/www.spielhaus-kiebitz.de\/\"><strong>www.spielhaus-kiebitz.de<\/strong><\/a><\/p>\n","protected":false},"excerpt":{"rendered":"<p>Konrad-Veix-Stieg 3b21035 Hamburg Tel: 040 \/ 72 37 46 47 e-mail: spielhaus-kiebitz@awo-hamburg.deWebsite: www.spielhaus-kiebitz.de Tr\u00e4ger der Einrichtung:AWO Landesverband Hamburg Unsere Angebote Offenes Haus : An drei Tagen steht das Haus allen Kindern im Alter von 5-13 Jahren offen. Hier kann gespielt, getobt und gelacht werden \u2013 Freunde treffen, eins unserer Angebote nutzen, jeder ist herzlich willkommen. Unsere Angebote: Montag: Spieletag Mittwoch:<\/p>\n","protected":false},"author":19,"featured_media":0,"parent":0,"menu_order":0,"comment_status":"closed","ping_status":"closed","template":"","meta":[],"_links":{"self":[{"href":"https:\/\/hamburger-spielhaeuser.de\/neu\/wp-json\/wp\/v2\/pages\/466"}],"collection":[{"href":"https:\/\/hamburger-spielhaeuser.de\/neu\/wp-json\/wp\/v2\/pages"}],"about":[{"href":"https:\/\/hamburger-spielhaeuser.de\/neu\/wp-json\/wp\/v2\/types\/page"}],"author":[{"embeddable":true,"href":"https:\/\/hamburger-spielhaeuser.de\/neu\/wp-json\/wp\/v2\/users\/19"}],"replies":[{"embeddable":true,"href":"https:\/\/hamburger-spielhaeuser.de\/neu\/wp-json\/wp\/v2\/comments?post=466"}],"version-history":[{"count":3,"href":"https:\/\/hamburger-spielhaeuser.de\/neu\/wp-json\/wp\/v2\/pages\/466\/revisions"}],"predecessor-version":[{"id":535,"href":"https:\/\/hamburger-spielhaeuser.de\/neu\/wp-json\/wp\/v2\/pages\/466\/revisions\/535"}],"wp:attachment":[{"href":"https:\/\/hamburger-spielhaeuser.de\/neu\/wp-json\/wp\/v2\/media?parent=466"}],"curies":[{"name":"wp","href":"https:\/\/api.w.org\/{rel}","templated":true}]}}