{"id":467,"date":"2019-09-09T09:09:36","date_gmt":"2019-09-09T07:09:36","guid":{"rendered":"http:\/\/hamburger-spielhaeuser.de\/neu\/?page_id=467"},"modified":"2020-05-12T00:05:39","modified_gmt":"2020-05-11T22:05:39","slug":"kinderzentrum-harburg","status":"publish","type":"page","link":"https:\/\/hamburger-spielhaeuser.de\/neu\/kinderzentrum-harburg\/","title":{"rendered":"Kinderzentrum Harburg"},"content":{"rendered":"\n<div class=\"wp-block-media-text alignwide has-media-on-the-right\"><figure class=\"wp-block-media-text__media\"><img src=\"http:\/\/hamburger-spielhaeuser.de\/spielhaeuser\/harburg\/images\/kizaussen.jpg\" alt=\"\" class=\"wp-image-284\" \/><\/figure><div class=\"wp-block-media-text__content\">\n<p style=\"color:#214260\" class=\"has-text-color\"><strong>Schneverdinger Weg 1b<br>21079 Hamburg<\/strong><br><br><strong>Tel: 040 \/ 764 42 76<br>Fax: 040 \/ 79 00 48 58<br>e-mail: <\/strong><a href=\"mailto:kiz-harburg@harburg-hamburg.de\"><strong>Kiz-Harburg@harburg.hamburg.de<\/strong><\/a><br><br><strong>Tr\u00e4ger der Einrichtung:<br><a href=\"https:\/\/www.hamburg.de\/harburg\/kinder-jugendliche\/\">Bezirksamt Hamburg-Harburg<\/a><\/strong><\/p>\n<\/div><\/div>\n\n\n\n<div style=\"height:20px\" aria-hidden=\"true\" class=\"wp-block-spacer\"><\/div>\n\n\n\n<hr class=\"wp-block-separator is-style-wide\"\/>\n\n\n\n<h3><em><strong>Wir freuen uns auf Euren Besuch !<\/strong><\/em><\/h3>\n\n\n\n<p>Beschreibung (Stand 2008):<br><em>Vormittags ist das Haus ein Kindergarten fur  3-6j\u00e4hrige Kinder mit 4-6-Stundenpl\u00e4tzen, nachmittags ein  Schulkindertreffpunkt f\u00fcr unter-14j\u00e4hrige. Zur Zeit werden dar\u00fcber  hinaus verschiedene Eltern-Kind-Angebote auch mit j\u00fcngeren Kindern  erprobt.<br> <br> Offene und feste Interessengruppen wie z.B. Holzwerkstatt,  Kochen,T\u00f6pfern und Tanzen oder Zirkus, Fu\u00dfball, Basketball, Baseball,  Tischtennis und andere Sportangebote sind neben dem freien Spiel- und  Bastelangebot der Schwerpunkt der Nachmittagsarbeit.<br> Hilfe bei den Hausaufgaben wird t\u00e4glich angeboten.<br> <br> Au\u00dferdem gibt es zeitweilig Projekte z.B. im Bereich Musik oder Tanz.<br> Ferienaktionen, Ausfl\u00fcge, Kurzreisen, Disco und Jahreszeitenfeste erg\u00e4nzen das Programm. Ein vielseitiges Angebot f\u00fcr unterschiedlichste Altersgruppen und Interessen.<br> <br> Das jeweils aktuelle Programm gibt es im KiZ!<\/em> <\/p>\n\n\n\n<div style=\"height:20px\" aria-hidden=\"true\" class=\"wp-block-spacer\"><\/div>\n\n\n\n<hr class=\"wp-block-separator is-style-wide\" \/>\n\n\n\n<div style=\"height:20px\" aria-hidden=\"true\" class=\"wp-block-spacer\"><\/div>\n\n\n\n<div class=\"wp-block-media-text alignwide\" style=\"grid-template-columns:57% auto\"><figure class=\"wp-block-media-text__media\"><img src=\"https:\/\/www.hamburg.de\/image\/187418\/16x9\/990\/557\/ac77b38cb5ac38f7e4fa4876aafeb1a3\/Qp\/schneverdinger-weg-1b.jpg\" alt=\"Schneverdinger Weg 1b\nBild: \u00a9 stromie\" \/><\/figure><div class=\"wp-block-media-text__content\">\n<p class=\"has-normal-font-size\">Hier der <a href=\"https:\/\/www.hamburg.de\/harburg\/pressemeldungen\/9765258\/2017-10-25-harburg-spende-fuer-das-kiz\/\">Link<\/a> zu einer Pressemeldung auf hamburg.de<\/p>\n<\/div><\/div>\n\n\n\n<p><\/p>\n","protected":false},"excerpt":{"rendered":"<p>Schneverdinger Weg 1b21079 Hamburg Tel: 040 \/ 764 42 76Fax: 040 \/ 79 00 48 58e-mail: Kiz-Harburg@harburg.hamburg.de Tr\u00e4ger der Einrichtung:Bezirksamt Hamburg-Harburg Wir freuen uns auf Euren Besuch ! Beschreibung (Stand 2008):Vormittags ist das Haus ein Kindergarten fur 3-6j\u00e4hrige Kinder mit 4-6-Stundenpl\u00e4tzen, nachmittags ein Schulkindertreffpunkt f\u00fcr unter-14j\u00e4hrige. Zur Zeit werden dar\u00fcber hinaus verschiedene Eltern-Kind-Angebote auch mit j\u00fcngeren Kindern erprobt. Offene und<\/p>\n","protected":false},"author":14,"featured_media":0,"parent":0,"menu_order":0,"comment_status":"closed","ping_status":"closed","template":"","meta":[],"_links":{"self":[{"href":"https:\/\/hamburger-spielhaeuser.de\/neu\/wp-json\/wp\/v2\/pages\/467"}],"collection":[{"href":"https:\/\/hamburger-spielhaeuser.de\/neu\/wp-json\/wp\/v2\/pages"}],"about":[{"href":"https:\/\/hamburger-spielhaeuser.de\/neu\/wp-json\/wp\/v2\/types\/page"}],"author":[{"embeddable":true,"href":"https:\/\/hamburger-spielhaeuser.de\/neu\/wp-json\/wp\/v2\/users\/14"}],"replies":[{"embeddable":true,"href":"https:\/\/hamburger-spielhaeuser.de\/neu\/wp-json\/wp\/v2\/comments?post=467"}],"version-history":[{"count":3,"href":"https:\/\/hamburger-spielhaeuser.de\/neu\/wp-json\/wp\/v2\/pages\/467\/revisions"}],"predecessor-version":[{"id":904,"href":"https:\/\/hamburger-spielhaeuser.de\/neu\/wp-json\/wp\/v2\/pages\/467\/revisions\/904"}],"wp:attachment":[{"href":"https:\/\/hamburger-spielhaeuser.de\/neu\/wp-json\/wp\/v2\/media?parent=467"}],"curies":[{"name":"wp","href":"https:\/\/api.w.org\/{rel}","templated":true}]}}