{"id":468,"date":"2019-09-09T09:09:09","date_gmt":"2019-09-09T09:09:09","guid":{"rendered":"http:\/\/hamburger-spielhaeuser.de\/neu\/?page_id=468"},"modified":"2019-10-14T10:46:00","modified_gmt":"2019-10-14T08:46:00","slug":"kinderzentrum-kennedy-haus","status":"publish","type":"page","link":"https:\/\/hamburger-spielhaeuser.de\/neu\/kinderzentrum-kennedy-haus\/","title":{"rendered":"Kinderzentrum Kennedy-Haus"},"content":{"rendered":"\n<div class=\"wp-block-media-text alignwide has-media-on-the-right\" style=\"grid-template-columns:auto 41%\"><figure class=\"wp-block-media-text__media\"><img loading=\"lazy\" width=\"320\" height=\"213\" src=\"http:\/\/hamburger-spielhaeuser.de\/neu\/wp-content\/uploads\/kennedy_hausaussen-1.jpg\" alt=\"\" class=\"wp-image-584\" srcset=\"https:\/\/hamburger-spielhaeuser.de\/neu\/wp-content\/uploads\/kennedy_hausaussen-1.jpg 320w, https:\/\/hamburger-spielhaeuser.de\/neu\/wp-content\/uploads\/kennedy_hausaussen-1-300x200.jpg 300w\" sizes=\"(max-width: 320px) 100vw, 320px\" \/><\/figure><div class=\"wp-block-media-text__content\">\n<p style=\"color:#214260\" class=\"has-text-color\"><strong>Kalischerstra\u00dfe 18<br>21073 Hamburg<\/strong><br><br><strong>Tel: 040 \/ 428 71-3758<br><br>e-mail: <a href=\"mailto:kiz-kennedyhaus@harburg-hamburg.de\">Kiz-Kennedyhaus@harburg.hamburg.de<\/a><\/strong><br><br><strong>Tr\u00e4ger der Einrichtung:<br><a href=\"https:\/\/www.hamburg.de\/harburg\/kinder-jugendliche\/\">Bezirksamt Hamburg-Harburg<\/a><\/strong><\/p>\n<\/div><\/div>\n\n\n\n<div style=\"height:20px\" aria-hidden=\"true\" class=\"wp-block-spacer\"><\/div>\n\n\n\n<hr class=\"wp-block-separator is-style-wide\"\/>\n\n\n\n<h4>\u00d6ffnungszeiten: <\/h4>\n\n\n\n<p>Montag &#8211; Donnerstag 7.00 &#8211; 18.00 Uhr, <br>Freitag 7.00 &#8211; 17.00 Uhr <br> <\/p>\n\n\n\n<h4><strong><em>Offener Vormittagsbetrieb <\/em><\/strong><\/h4>\n\n\n\n<p>ge\u00f6ffnet von 8.00 &#8211; 14.00 Uhr<br>\n&#8211; Unterst\u00fctzung von Familien: Eltern-Kind-Gruppen, Elternkurse, \nKooperation mit Institutionen der Familien- und Gesundheitsf\u00f6rderung<br>\n&#8211; Fr\u00fchkindliche spielerische Unterst\u00fctzung der Sprachentwicklung: Kreis- und Tischspiele, Gesang, Vorlesen <br>\n&#8211; Erweiterung sozialer Kompetenzen: Rollenspiele, F\u00f6rderung von Interaktion, Etablierung von sozialen Normen\n<\/p>\n\n\n\n<h3 class=\"has-text-color has-primary-color\"><font color=\"#004488\"><strong><em>Offene Kinder- und Jugendarbeit <\/em><\/strong><\/font><\/h3>\n\n\n\n<p class=\"has-text-color has-primary-color\"><strong>ge\u00f6ffnet von 14.00 &#8211; 18.00 Uhr<br>offen f\u00fcr alle Kinder von 6 -13 Jahren, <br>ohne Anmeldung kommen und gehen! <\/strong><\/p>\n\n\n\n<ul class=\"has-text-color has-primary-color\"><li> Kinderrrestaurant: t\u00e4gliche Essens- und Getr\u00e4nkeausgabe,<\/li><li> kreative Angebote: Vermittlung von Fertigkeiten und k\u00fcnstlerischen Techniken durch Fachpersonal<\/li><li> Bewegungsf\u00f6rderung: gro\u00dfes Au\u00dfengel\u00e4nde mit Spielplatz und  integrierter Sportanlage, zwei Motorikr\u00e4ume (Fu\u00dfball, Tischtennis,  Kicker, Kletterwand)<\/li><li> Fahrradselbsthilfe: Fahrradausleihe, Hilfe zur Selbsthilfe bei Fahrradreparatur, Fahrradparcours<\/li><li> Spieliothek: 700 Gesellschaftsspiele, Ausleihe und Anleitung zum Spielen durch Fachpersonal<\/li><li> Ferienprogramm<\/li><\/ul>\n\n\n\n<h5><strong><em>Kindergarten und Krippe<\/em><\/strong><\/h5>\n\n\n\n<p>von 7.00 &#8211; 18.00 Uhr, 4-, 5-, 6-, 8-Stundenbetreuung<\/p>\n\n\n\n<ul><li> t\u00e4glich basteln, malen, spielen und singen<\/li><li> Deutschkurse f\u00fcr Kinder \/ muttersprachliches Spielen&nbsp;&nbsp;&nbsp; (t\u00fcrkisch,griechisch)<\/li><li> Vorschulunterricht in kleinen, intensiven Gruppen<\/li><li> regelm\u00e4\u00dfig kochen und backen<\/li><li> ein gro\u00dfes, abwechslungsreiches Au\u00dfengel\u00e4nde<\/li><li> regelm\u00e4\u00dfige Besuche eines Bauernhofes und viele Ausfl\u00fcge<\/li><li> Verkehrserziehung<\/li><li> Gesundheitsvorsorge und Zahnpflege <\/li><\/ul>\n\n\n\n<figure class=\"wp-block-image\"><img loading=\"lazy\" width=\"300\" height=\"169\" src=\"http:\/\/hamburger-spielhaeuser.de\/neu\/wp-content\/uploads\/kiz-kennedy-haus_logo-300x169.jpg\" alt=\"\" class=\"wp-image-585\" srcset=\"https:\/\/hamburger-spielhaeuser.de\/neu\/wp-content\/uploads\/kiz-kennedy-haus_logo-300x169.jpg 300w, https:\/\/hamburger-spielhaeuser.de\/neu\/wp-content\/uploads\/kiz-kennedy-haus_logo.jpg 500w\" sizes=\"(max-width: 300px) 100vw, 300px\" \/><\/figure>\n","protected":false},"excerpt":{"rendered":"<p>Kalischerstra\u00dfe 1821073 Hamburg Tel: 040 \/ 428 71-3758 e-mail: Kiz-Kennedyhaus@harburg.hamburg.de Tr\u00e4ger der Einrichtung:Bezirksamt Hamburg-Harburg \u00d6ffnungszeiten: Montag &#8211; Donnerstag 7.00 &#8211; 18.00 Uhr, Freitag 7.00 &#8211; 17.00 Uhr Offener Vormittagsbetrieb ge\u00f6ffnet von 8.00 &#8211; 14.00 Uhr &#8211; Unterst\u00fctzung von Familien: Eltern-Kind-Gruppen, Elternkurse, Kooperation mit Institutionen der Familien- und Gesundheitsf\u00f6rderung &#8211; Fr\u00fchkindliche spielerische Unterst\u00fctzung der Sprachentwicklung: Kreis- und Tischspiele, Gesang, Vorlesen &#8211;<\/p>\n","protected":false},"author":18,"featured_media":0,"parent":0,"menu_order":0,"comment_status":"closed","ping_status":"closed","template":"","meta":[],"_links":{"self":[{"href":"https:\/\/hamburger-spielhaeuser.de\/neu\/wp-json\/wp\/v2\/pages\/468"}],"collection":[{"href":"https:\/\/hamburger-spielhaeuser.de\/neu\/wp-json\/wp\/v2\/pages"}],"about":[{"href":"https:\/\/hamburger-spielhaeuser.de\/neu\/wp-json\/wp\/v2\/types\/page"}],"author":[{"embeddable":true,"href":"https:\/\/hamburger-spielhaeuser.de\/neu\/wp-json\/wp\/v2\/users\/18"}],"replies":[{"embeddable":true,"href":"https:\/\/hamburger-spielhaeuser.de\/neu\/wp-json\/wp\/v2\/comments?post=468"}],"version-history":[{"count":3,"href":"https:\/\/hamburger-spielhaeuser.de\/neu\/wp-json\/wp\/v2\/pages\/468\/revisions"}],"predecessor-version":[{"id":587,"href":"https:\/\/hamburger-spielhaeuser.de\/neu\/wp-json\/wp\/v2\/pages\/468\/revisions\/587"}],"wp:attachment":[{"href":"https:\/\/hamburger-spielhaeuser.de\/neu\/wp-json\/wp\/v2\/media?parent=468"}],"curies":[{"name":"wp","href":"https:\/\/api.w.org\/{rel}","templated":true}]}}