{"id":470,"date":"2019-09-09T09:09:09","date_gmt":"2019-09-09T09:09:09","guid":{"rendered":"http:\/\/hamburger-spielhaeuser.de\/neu\/?page_id=470"},"modified":"2019-10-14T01:39:28","modified_gmt":"2019-10-13T23:39:28","slug":"spielhaus-sonnenland","status":"publish","type":"page","link":"https:\/\/hamburger-spielhaeuser.de\/neu\/spielhaus-sonnenland\/","title":{"rendered":"Spielhaus Sonnenland"},"content":{"rendered":"\r\n<div class=\"wp-block-media-text alignwide has-media-on-the-right\" style=\"grid-template-columns:auto 33%\"><figure class=\"wp-block-media-text__media\"><img loading=\"lazy\" width=\"267\" height=\"200\" src=\"http:\/\/hamburger-spielhaeuser.de\/neu\/wp-content\/uploads\/sonnenland-1.jpg\" alt=\"\" class=\"wp-image-556\" \/><\/figure><div class=\"wp-block-media-text__content\">\r\n<p style=\"color:#214260\" class=\"has-text-color\"><strong>Sonnenland 56a<br>22115 Hamburg<\/strong><br><br><strong>Tel: 040 \/ 712 57 10<br>Fax: 040 \/ 71 00 67 05<br>e-mail: <a href=\"mailto:spielhaus.sonnenland@web.de\">spielhaus.sonnenland@web.de<\/a><\/strong><br><br><strong>Tr\u00e4ger der Einrichtung:<br><a href=\"https:\/\/www.hamburg.de\/mitte\/kinder-und-jugendliche\/2403488\/spielhaeuser\/\">Bezirksamt Hamburg-Mitte<\/a><\/strong><\/p>\r\n<\/div><\/div>\r\n\r\n\r\n\n<div style=\"height:20px\" aria-hidden=\"true\" class=\"wp-block-spacer\"><\/div>\n\r\n\r\n\n<hr class=\"wp-block-separator is-style-wide\"\/>\n\r\n\r\n\r\n<p>Im Spielhaus Sonnenland machen wir alle \r\nDinge, die Lust und Laune bereiten und f\u00fcr die Mami und Papi nicht immer\r\n Zeit haben z.B.:<\/p>\r\n\r\n\r\n\r\n<p><em>TOBEN, SPIELEN, MALEN, BASTELN, TURNEN, KOCHEN, LESEN, SINGEN<\/em> und vieles mehr.<\/p>\r\n\r\n\r\n\r\n<p>Alles was das Kinderherz begehrt, halten wir in unseren Spielr\u00e4umen f\u00fcr Kinder ab 5 Jahren bereit.<br>Schaut vorbei liebe Kinder und Eltern, Gucken kostet nichts, Mitmachen \u00fcbrigens auch nicht.<\/p>\r\n\r\n\r\n\r\n<p><em>F\u00dcR KIDS AB 5 JAHREN&#8230;<\/em><br>&#8230;bietet das<br><em>Spielhaus Sonnenland<\/em><br>viele Aktivit\u00e4ten.<\/p>\r\n\r\n\r\n\r\n<p>Da findet z.B. in regelm\u00e4\u00dfigem Abstand eine Disco statt, ferner stehen viele tolle Angebote in unserem <a target=\"_blank\" href=\"http:\/\/www.infoente.de\/einrichtungen2.php?v=Spielhaus%20Sonnenland\" rel=\"noreferrer noopener\">monatlichen Programmheft<\/a>. Au\u00dfer diesen H\u00f6hepunkten k\u00f6nnen die Kinder t\u00e4glich<\/p>\r\n\r\n\r\n\r\n<p><em>SPIELEN, BASTELN, WERKEN, TOBEN<\/em><br>und an einer unserer <a target=\"_blank\" href=\"http:\/\/www.infoente.de\/einrichtungen2.php?v=Spielhaus%20Sonnenland\" rel=\"noreferrer noopener\">Interessengruppen<\/a> teilnehmen.<\/p>\r\n\r\n\r\n\r\n<h5>Unsere \u00d6ffnungszeiten:<\/h5>\r\n\r\n\r\n\r\n<p>Montags bis Donnerstags von 13:00 &#8211; 19:00 Uhr<br>Freitags von 13:00 &#8211; 17:00 Uhr<\/p>\r\n","protected":false},"excerpt":{"rendered":"<p>Sonnenland 56a22115 Hamburg Tel: 040 \/ 712 57 10Fax: 040 \/ 71 00 67 05e-mail: spielhaus.sonnenland@web.de Tr\u00e4ger der Einrichtung:Bezirksamt Hamburg-Mitte Im Spielhaus Sonnenland machen wir alle Dinge, die Lust und Laune bereiten und f\u00fcr die Mami und Papi nicht immer Zeit haben z.B.: TOBEN, SPIELEN, MALEN, BASTELN, TURNEN, KOCHEN, LESEN, SINGEN und vieles mehr. Alles was das Kinderherz begehrt, halten<\/p>\n","protected":false},"author":28,"featured_media":0,"parent":0,"menu_order":0,"comment_status":"closed","ping_status":"closed","template":"","meta":[],"_links":{"self":[{"href":"https:\/\/hamburger-spielhaeuser.de\/neu\/wp-json\/wp\/v2\/pages\/470"}],"collection":[{"href":"https:\/\/hamburger-spielhaeuser.de\/neu\/wp-json\/wp\/v2\/pages"}],"about":[{"href":"https:\/\/hamburger-spielhaeuser.de\/neu\/wp-json\/wp\/v2\/types\/page"}],"author":[{"embeddable":true,"href":"https:\/\/hamburger-spielhaeuser.de\/neu\/wp-json\/wp\/v2\/users\/28"}],"replies":[{"embeddable":true,"href":"https:\/\/hamburger-spielhaeuser.de\/neu\/wp-json\/wp\/v2\/comments?post=470"}],"version-history":[{"count":2,"href":"https:\/\/hamburger-spielhaeuser.de\/neu\/wp-json\/wp\/v2\/pages\/470\/revisions"}],"predecessor-version":[{"id":565,"href":"https:\/\/hamburger-spielhaeuser.de\/neu\/wp-json\/wp\/v2\/pages\/470\/revisions\/565"}],"wp:attachment":[{"href":"https:\/\/hamburger-spielhaeuser.de\/neu\/wp-json\/wp\/v2\/media?parent=470"}],"curies":[{"name":"wp","href":"https:\/\/api.w.org\/{rel}","templated":true}]}}