{"id":471,"date":"2019-09-09T09:09:09","date_gmt":"2019-09-09T09:09:09","guid":{"rendered":"http:\/\/hamburger-spielhaeuser.de\/neu\/?page_id=471"},"modified":"2020-01-23T12:50:36","modified_gmt":"2020-01-23T11:50:36","slug":"spielhaus-und-bauspielplatz-eppendorfer-park","status":"publish","type":"page","link":"https:\/\/hamburger-spielhaeuser.de\/neu\/spielhaus-und-bauspielplatz-eppendorfer-park\/","title":{"rendered":"Spielhaus und Bauspielplatz Eppendorfer Park"},"content":{"rendered":"\n<div class=\"wp-block-media-text alignwide has-media-on-the-right\" style=\"grid-template-columns:auto 40%\"><figure class=\"wp-block-media-text__media\"><img loading=\"lazy\" width=\"306\" height=\"230\" src=\"http:\/\/hamburger-spielhaeuser.de\/neu\/wp-content\/uploads\/bauiepp_baui.jpg\" alt=\"\" class=\"wp-image-156\" srcset=\"https:\/\/hamburger-spielhaeuser.de\/neu\/wp-content\/uploads\/bauiepp_baui.jpg 306w, https:\/\/hamburger-spielhaeuser.de\/neu\/wp-content\/uploads\/bauiepp_baui-300x225.jpg 300w\" sizes=\"(max-width: 306px) 100vw, 306px\" \/><\/figure><div class=\"wp-block-media-text__content\">\n<p style=\"color:#214260\" class=\"has-text-color\"><strong>Frickestra\u00dfe 1<br>20251 Hamburg<\/strong><br><br><strong>Tel: 040 \/ 46 09 05 27<br>e-mail: <\/strong><a href=\"mailto:Dagmar.Hoeer@harburg-hamburg.de\"><\/a><a href=\"mailto:info@baui-eppendorf.de\"><strong>info@baui-eppendorf.de<\/strong><\/a><br><strong>Website: <a href=\"https:\/\/www.bauspielplatz-eppendorf.de\/\" target=\"_blank\" rel=\"noreferrer noopener\" aria-label=\"www.bauspielplatz-eppendorf.de (\u00f6ffnet in neuem Tab)\">www.bauspielplatz-eppendorf.de<\/a><\/strong><br><br><strong>Tr\u00e4ger der Einrichtung:<br><a href=\"https:\/\/www.hamburg.de\/hamburg-nord\/familie-senioren\/2416214\/offene-kinder-und-jugendarbeit-jugendsozialarbeit\/\" target=\"_blank\" rel=\"noreferrer noopener\" aria-label=\" (\u00f6ffnet in neuem Tab)\">Bezirksamt Hamburg-Nord<\/a><\/strong><\/p>\n<\/div><\/div>\n\n\n\n<div style=\"height:20px\" aria-hidden=\"true\" class=\"wp-block-spacer\"><\/div>\n\n\n\n<hr class=\"wp-block-separator is-style-wide\" \/>\n\n\n\n<div style=\"height:20px\" aria-hidden=\"true\" class=\"wp-block-spacer\"><\/div>\n\n\n\n<p>Gegr\u00fcndet 1979 und seitdem unterst\u00fctzt vom <a rel=\"noreferrer noopener\" aria-label=\"Deutsch-Amerikanischer Frauen-Club Hamburg e.V. (\u00f6ffnet in neuem Tab)\" href=\"http:\/\/www.vdac.de\/clubs\/d-a-frauenclub-hamburg.html\" target=\"_blank\">Deutsch-Amerikanischer Frauen-Club Hamburg e.V.<\/a><\/p>\n\n\n\n<div class=\"wp-container-1 wp-block-group\"><div class=\"wp-block-group__inner-container\">\n<div style=\"height:20px\" aria-hidden=\"true\" class=\"wp-block-spacer\"><\/div>\n\n\n\n<div class=\"wp-block-media-text alignwide\" style=\"grid-template-columns:23% auto\"><figure class=\"wp-block-media-text__media\"><img src=\"https:\/\/www.bauspielplatz-eppendorf.de\/wp-content\/uploads\/2018\/12\/baui-logo_02.png\" alt=\"\" class=\"wp-image-75\" \/><\/figure><div class=\"wp-block-media-text__content\">\n<p style=\"font-size:18px\">Die Einrichtung hat eine eigene <a href=\"https:\/\/www.bauspielplatz-eppendorf.de\/\">&#8211;&gt; Website<\/a> <\/p>\n<\/div><\/div>\n<\/div><\/div>\n\n\n\n<figure class=\"wp-block-image size-large\"><a href=\"https:\/\/www.bauspielplatz-eppendorf.de\/\"><img src=\"https:\/\/www.bauspielplatz-eppendorf.de\/wp-content\/uploads\/2018\/12\/Karte-Baui.jpg\" alt=\"\" \/><\/a><\/figure>\n\n\n\n<div class=\"wp-block-image\"><figure class=\"aligncenter\"><img src=\"https:\/\/www.bauspielplatz-eppendorf.de\/wp-content\/uploads\/2018\/12\/baui-teaser-neu.jpg\" alt=\"\" \/><\/figure><\/div>\n\n\n\n<div class=\"wp-container-2 wp-block-group\"><div class=\"wp-block-group__inner-container\">\n<div style=\"height:20px\" aria-hidden=\"true\" class=\"wp-block-spacer\"><\/div>\n\n\n\n<hr class=\"wp-block-separator is-style-wide\"\/>\n\n\n\n<div style=\"height:20px\" aria-hidden=\"true\" class=\"wp-block-spacer\"><\/div>\n<\/div><\/div>\n\n\n\n<figure class=\"wp-block-embed-wordpress aligncenter wp-block-embed is-type-wp-embed is-provider-baui-eppendorf-bauspielplatz-und-spielhaus-eppendorfer-park\"><div class=\"wp-block-embed__wrapper\">\n<blockquote class=\"wp-embedded-content\" data-secret=\"i13l0McrHk\"><a href=\"https:\/\/www.bauspielplatz-eppendorf.de\/aktuell\/\">Aktuell<\/a><\/blockquote><iframe title=\"&#8222;Aktuell&#8220; &#8212; Baui Eppendorf - Bauspielplatz und Spielhaus Eppendorfer Park\" class=\"wp-embedded-content\" sandbox=\"allow-scripts\" security=\"restricted\" style=\"position: absolute; clip: rect(1px, 1px, 1px, 1px);\" src=\"https:\/\/www.bauspielplatz-eppendorf.de\/aktuell\/embed\/#?secret=i13l0McrHk\" data-secret=\"i13l0McrHk\" width=\"600\" height=\"338\" frameborder=\"0\" marginwidth=\"0\" marginheight=\"0\" scrolling=\"no\"><\/iframe>\n<\/div><\/figure>\n\n\n\n<figure class=\"wp-block-embed-wordpress aligncenter wp-block-embed is-type-wp-embed is-provider-baui-eppendorf-bauspielplatz-und-spielhaus-eppendorfer-park\"><div class=\"wp-block-embed__wrapper\">\n<blockquote class=\"wp-embedded-content\" data-secret=\"mkOmGlpgap\"><a href=\"https:\/\/www.bauspielplatz-eppendorf.de\/programm\/\">Programm<\/a><\/blockquote><iframe title=\"&#8222;Programm&#8220; &#8212; Baui Eppendorf - Bauspielplatz und Spielhaus Eppendorfer Park\" class=\"wp-embedded-content\" sandbox=\"allow-scripts\" security=\"restricted\" style=\"position: absolute; clip: rect(1px, 1px, 1px, 1px);\" src=\"https:\/\/www.bauspielplatz-eppendorf.de\/programm\/embed\/#?secret=mkOmGlpgap\" data-secret=\"mkOmGlpgap\" width=\"600\" height=\"338\" frameborder=\"0\" marginwidth=\"0\" marginheight=\"0\" scrolling=\"no\"><\/iframe>\n<\/div><\/figure>\n\n\n\n<figure class=\"wp-block-embed-wordpress aligncenter wp-block-embed is-type-wp-embed is-provider-baui-eppendorf-bauspielplatz-und-spielhaus-eppendorfer-park\"><div class=\"wp-block-embed__wrapper\">\n<blockquote class=\"wp-embedded-content\" data-secret=\"Tu8vV0xMdh\"><a href=\"https:\/\/www.bauspielplatz-eppendorf.de\/bilder\/\">Bilder<\/a><\/blockquote><iframe title=\"&#8222;Bilder&#8220; &#8212; Baui Eppendorf - Bauspielplatz und Spielhaus Eppendorfer Park\" class=\"wp-embedded-content\" sandbox=\"allow-scripts\" security=\"restricted\" style=\"position: absolute; clip: rect(1px, 1px, 1px, 1px);\" src=\"https:\/\/www.bauspielplatz-eppendorf.de\/bilder\/embed\/#?secret=Tu8vV0xMdh\" data-secret=\"Tu8vV0xMdh\" width=\"600\" height=\"338\" frameborder=\"0\" marginwidth=\"0\" marginheight=\"0\" scrolling=\"no\"><\/iframe>\n<\/div><\/figure>\n","protected":false},"excerpt":{"rendered":"<p>Frickestra\u00dfe 120251 Hamburg Tel: 040 \/ 46 09 05 27e-mail: info@baui-eppendorf.deWebsite: www.bauspielplatz-eppendorf.de Tr\u00e4ger der Einrichtung:Bezirksamt Hamburg-Nord Gegr\u00fcndet 1979 und seitdem unterst\u00fctzt vom Deutsch-Amerikanischer Frauen-Club Hamburg e.V. Die Einrichtung hat eine eigene &#8211;&gt; Website<\/p>\n","protected":false},"author":11,"featured_media":0,"parent":0,"menu_order":0,"comment_status":"closed","ping_status":"closed","template":"","meta":[],"_links":{"self":[{"href":"https:\/\/hamburger-spielhaeuser.de\/neu\/wp-json\/wp\/v2\/pages\/471"}],"collection":[{"href":"https:\/\/hamburger-spielhaeuser.de\/neu\/wp-json\/wp\/v2\/pages"}],"about":[{"href":"https:\/\/hamburger-spielhaeuser.de\/neu\/wp-json\/wp\/v2\/types\/page"}],"author":[{"embeddable":true,"href":"https:\/\/hamburger-spielhaeuser.de\/neu\/wp-json\/wp\/v2\/users\/11"}],"replies":[{"embeddable":true,"href":"https:\/\/hamburger-spielhaeuser.de\/neu\/wp-json\/wp\/v2\/comments?post=471"}],"version-history":[{"count":4,"href":"https:\/\/hamburger-spielhaeuser.de\/neu\/wp-json\/wp\/v2\/pages\/471\/revisions"}],"predecessor-version":[{"id":663,"href":"https:\/\/hamburger-spielhaeuser.de\/neu\/wp-json\/wp\/v2\/pages\/471\/revisions\/663"}],"wp:attachment":[{"href":"https:\/\/hamburger-spielhaeuser.de\/neu\/wp-json\/wp\/v2\/media?parent=471"}],"curies":[{"name":"wp","href":"https:\/\/api.w.org\/{rel}","templated":true}]}}