{"id":472,"date":"2019-09-09T09:09:09","date_gmt":"2019-09-09T07:09:09","guid":{"rendered":"http:\/\/hamburger-spielhaeuser.de\/neu\/?page_id=472"},"modified":"2024-10-05T03:03:43","modified_gmt":"2024-10-05T01:03:43","slug":"spielhaus-und-bauspielplatz-essener-strasse","status":"publish","type":"page","link":"https:\/\/hamburger-spielhaeuser.de\/neu\/spielhaus-und-bauspielplatz-essener-strasse\/","title":{"rendered":"Spielhaus und Bauspielplatz Essener Stra\u00dfe"},"content":{"rendered":"\n<div class=\"wp-block-media-text alignwide has-media-on-the-right\"><figure class=\"wp-block-media-text__media\"><img loading=\"lazy\" width=\"320\" height=\"180\" src=\"https:\/\/hamburger-spielhaeuser.de\/neu\/wp-content\/uploads\/bauiess.jpg\" alt=\"\" class=\"wp-image-775 size-full\" srcset=\"https:\/\/hamburger-spielhaeuser.de\/neu\/wp-content\/uploads\/bauiess.jpg 320w, https:\/\/hamburger-spielhaeuser.de\/neu\/wp-content\/uploads\/bauiess-300x169.jpg 300w\" sizes=\"(max-width: 320px) 100vw, 320px\" \/><\/figure><div class=\"wp-block-media-text__content\">\n<p><strong>Essener Stra\u00dfe 87b<br>22419 Hamburg<\/strong><br><strong>Tel : <\/strong> <strong>040 \/ 527 82 94<br>e-mail: <br><\/strong><a href=\"mailto:valeska.conze@hamburg-nord.hamburg.de\"><strong>marcel.speck<\/strong><\/a><a href=\"mailto:marcel.speck@hamburg-nord.hamburg.de\"><strong>@hamburg-nord.hamburg.de<\/strong><\/a><br><strong>Tr\u00e4ger der Einrichtung:<br><a rel=\"noreferrer noopener\" aria-label=\"Bezirksamt Hamburg-Nord (\u00f6ffnet in neuem Tab)\" href=\"https:\/\/www.hamburg.de\/hamburg-nord\/familie-senioren\/2416214\/offene-kinder-und-jugendarbeit-jugendsozialarbeit\/\" target=\"_blank\">Bezirksamt Hamburg-Nord<\/a><\/strong><\/p>\n<\/div><\/div>\n\n\n\n<div class=\"wp-container-1 wp-block-group\"><div class=\"wp-block-group__inner-container\">\n<div style=\"height:20px\" aria-hidden=\"true\" class=\"wp-block-spacer\"><\/div>\n\n\n\n<hr class=\"wp-block-separator is-style-wide\"\/>\n\n\n\n<div style=\"height:20px\" aria-hidden=\"true\" class=\"wp-block-spacer\"><\/div>\n<\/div><\/div>\n\n\n\n<p>Bei uns k\u00f6nnen Kinder und Jugendliche im Alter von 6 bis 14 Jahren unser <strong>8000qm gro\u00dfes Au\u00dfengel\u00e4nde<\/strong> entdecken und bespielen!<\/p>\n\n\n\n<p>Hier\n k\u00f6nnen die Kinder: H\u00fctten bauen, mit Holz werkeln, Lagerfeuer machen, \nFahrrad fahren und reparieren, Schmieden, G\u00e4rtnern, Plantschen, \nTischtennis, Basketball,\n Fu\u00dfball spielen, Schaukeln, Rutschen, Freunde treffen und vieles mehr.<\/p>\n\n\n\n<p>In unserem\n<strong>Spielhaus<\/strong> haben die Kinder die M\u00f6glichkeit: Billard, Kicker zu \nspielen, malen, basteln, Tisch Spiele, Kochen, Backen und noch eine \nMenge mehr.<\/p>\n\n\n\n<p>In den Ferien bieten wir Ausfl\u00fcge, Platz\u00fcbernachtungen, Turniere und in den Sommerferien ein Baui Camp oder eine Reise an.<\/p>\n\n\n\n<p>Bei uns ist jeder\/ jede herzlich willkommen!<\/p>\n\n\n\n<p>F\u00fcr unsere Besucher und Besucherinnen w\u00fcnschen wir uns eine m\u00f6glichst\n<strong>ELTERNFREIE ZONE, <\/strong>da so die freie Entfaltungsm\u00f6glichkeit f\u00fcr unsere G\u00e4ste am ehesten gegeben ist!<\/p>\n\n\n\n<p>Wir freuen uns \u00fcber euren Besuch!!!<\/p>\n\n\n\n<p>Euer Baui Essener Stra\u00dfe Team<\/p>\n\n\n\n<figure class=\"wp-block-gallery has-nested-images columns-default is-cropped\">\n<figure class=\"wp-block-image size-large\"><img loading=\"lazy\" width=\"259\" height=\"194\" data-id=\"776\"  src=\"https:\/\/hamburger-spielhaeuser.de\/neu\/wp-content\/uploads\/ess_index.jpg\" alt=\"\" class=\"wp-image-776\"\/><\/figure>\n\n\n\n<figure class=\"wp-block-image size-large\"><img loading=\"lazy\" width=\"320\" height=\"240\" data-id=\"780\"  src=\"https:\/\/hamburger-spielhaeuser.de\/neu\/wp-content\/uploads\/essener_hausaussen.jpg\" alt=\"\" class=\"wp-image-780\" srcset=\"https:\/\/hamburger-spielhaeuser.de\/neu\/wp-content\/uploads\/essener_hausaussen.jpg 320w, https:\/\/hamburger-spielhaeuser.de\/neu\/wp-content\/uploads\/essener_hausaussen-300x225.jpg 300w\" sizes=\"(max-width: 320px) 100vw, 320px\" \/><\/figure>\n\n\n\n<figure class=\"wp-block-image size-large\"><img loading=\"lazy\" width=\"250\" height=\"213\" data-id=\"779\"  src=\"https:\/\/hamburger-spielhaeuser.de\/neu\/wp-content\/uploads\/ess5.jpg\" alt=\"\" class=\"wp-image-779\"\/><\/figure>\n\n\n\n<figure class=\"wp-block-image size-large\"><img loading=\"lazy\" width=\"259\" height=\"194\" data-id=\"778\"  src=\"https:\/\/hamburger-spielhaeuser.de\/neu\/wp-content\/uploads\/ess3.jpg\" alt=\"\" class=\"wp-image-778\"\/><\/figure>\n\n\n\n<figure class=\"wp-block-image size-large\"><img loading=\"lazy\" width=\"259\" height=\"194\" data-id=\"777\"  src=\"https:\/\/hamburger-spielhaeuser.de\/neu\/wp-content\/uploads\/ess2.jpg\" alt=\"\" class=\"wp-image-777\"\/><\/figure>\n\n\n\n<figure class=\"wp-block-image size-large\"><img loading=\"lazy\" width=\"320\" height=\"180\" data-id=\"775\"  src=\"https:\/\/hamburger-spielhaeuser.de\/neu\/wp-content\/uploads\/bauiess.jpg\" alt=\"\" class=\"wp-image-775\" srcset=\"https:\/\/hamburger-spielhaeuser.de\/neu\/wp-content\/uploads\/bauiess.jpg 320w, https:\/\/hamburger-spielhaeuser.de\/neu\/wp-content\/uploads\/bauiess-300x169.jpg 300w\" sizes=\"(max-width: 320px) 100vw, 320px\" \/><\/figure>\n\n\n\n<figure class=\"wp-block-image size-large\"><img loading=\"lazy\" width=\"500\" height=\"207\" data-id=\"781\"  src=\"https:\/\/hamburger-spielhaeuser.de\/neu\/wp-content\/uploads\/baui_500.jpg\" alt=\"\" class=\"wp-image-781\" srcset=\"https:\/\/hamburger-spielhaeuser.de\/neu\/wp-content\/uploads\/baui_500.jpg 500w, https:\/\/hamburger-spielhaeuser.de\/neu\/wp-content\/uploads\/baui_500-300x124.jpg 300w\" sizes=\"(max-width: 500px) 100vw, 500px\" \/><\/figure>\n<\/figure>\n","protected":false},"excerpt":{"rendered":"<p>Essener Stra\u00dfe 87b22419 HamburgTel : 040 \/ 527 82 94e-mail: marcel.speck@hamburg-nord.hamburg.deTr\u00e4ger der Einrichtung:Bezirksamt Hamburg-Nord Bei uns k\u00f6nnen Kinder und Jugendliche im Alter von 6 bis 14 Jahren unser 8000qm gro\u00dfes Au\u00dfengel\u00e4nde entdecken und bespielen! Hier k\u00f6nnen die Kinder: H\u00fctten bauen, mit Holz werkeln, Lagerfeuer machen, Fahrrad fahren und reparieren, Schmieden, G\u00e4rtnern, Plantschen, Tischtennis, Basketball, Fu\u00dfball spielen, Schaukeln, Rutschen, Freunde treffen<\/p>\n","protected":false},"author":12,"featured_media":0,"parent":0,"menu_order":0,"comment_status":"closed","ping_status":"closed","template":"","meta":[],"_links":{"self":[{"href":"https:\/\/hamburger-spielhaeuser.de\/neu\/wp-json\/wp\/v2\/pages\/472"}],"collection":[{"href":"https:\/\/hamburger-spielhaeuser.de\/neu\/wp-json\/wp\/v2\/pages"}],"about":[{"href":"https:\/\/hamburger-spielhaeuser.de\/neu\/wp-json\/wp\/v2\/types\/page"}],"author":[{"embeddable":true,"href":"https:\/\/hamburger-spielhaeuser.de\/neu\/wp-json\/wp\/v2\/users\/12"}],"replies":[{"embeddable":true,"href":"https:\/\/hamburger-spielhaeuser.de\/neu\/wp-json\/wp\/v2\/comments?post=472"}],"version-history":[{"count":5,"href":"https:\/\/hamburger-spielhaeuser.de\/neu\/wp-json\/wp\/v2\/pages\/472\/revisions"}],"predecessor-version":[{"id":1721,"href":"https:\/\/hamburger-spielhaeuser.de\/neu\/wp-json\/wp\/v2\/pages\/472\/revisions\/1721"}],"wp:attachment":[{"href":"https:\/\/hamburger-spielhaeuser.de\/neu\/wp-json\/wp\/v2\/media?parent=472"}],"curies":[{"name":"wp","href":"https:\/\/api.w.org\/{rel}","templated":true}]}}