{"id":476,"date":"2019-10-10T10:00:36","date_gmt":"2019-10-10T03:00:36","guid":{"rendered":"http:\/\/hamburger-spielhaeuser.de\/neu\/?page_id=476"},"modified":"2024-06-21T00:33:33","modified_gmt":"2024-06-20T22:33:33","slug":"spielhaus-zeiseweg","status":"publish","type":"page","link":"https:\/\/hamburger-spielhaeuser.de\/neu\/spielhaus-zeiseweg\/","title":{"rendered":"Spielhaus Zeiseweg"},"content":{"rendered":"\n<div class=\"wp-block-media-text alignwide has-media-on-the-right\" style=\"grid-template-columns:auto 46%\"><figure class=\"wp-block-media-text__media\"><img loading=\"lazy\" width=\"320\" height=\"213\" src=\"http:\/\/hamburger-spielhaeuser.de\/neu\/wp-content\/uploads\/zeiseweg_hausaussen.jpg\" alt=\"\" class=\"wp-image-651 size-full\" srcset=\"https:\/\/hamburger-spielhaeuser.de\/neu\/wp-content\/uploads\/zeiseweg_hausaussen.jpg 320w, https:\/\/hamburger-spielhaeuser.de\/neu\/wp-content\/uploads\/zeiseweg_hausaussen-300x200.jpg 300w\" sizes=\"(max-width: 320px) 100vw, 320px\" \/><\/figure><div class=\"wp-block-media-text__content\">\n<p class=\"has-text-color\" style=\"color:#214260\"><strong>Zeiseweg 17<br>22765 Hamburg<\/strong><br><br><strong>Tel: 040 \/ 851 570 99<\/strong><br><strong>040 \/ 851 23 24<br><\/strong><br><strong>e-mail: aspspielhaus.zeiseweg@web.de<\/strong><br><strong>(Jugendtreff: jugendtreffaltonanord@web.de)<\/strong><br><br><strong>Tr\u00e4ger der Einrichtung: <\/strong><br><strong><a rel=\"noreferrer noopener\" href=\"https:\/\/de-de.facebook.com\/pages\/Aktivspielplatz-Altona-Nord-eV\/496484247079032\" target=\"_blank\">Aktivspielplatz Altona-Nord e.V.<\/a> <\/strong><\/p>\n\n\n\n<p class=\"has-text-color\" style=\"color:#214260\"><a href=\"https:\/\/sozialraum-altona.de\/einrichtung\/spielhaus-zeiseweg\/\" target=\"_blank\" rel=\"noreferrer noopener\">Das Spielhaus bei sozialraum-altona.de<\/a><br><\/p>\n<\/div><\/div>\n\n\n\n<div style=\"height:20px\" aria-hidden=\"true\" class=\"wp-block-spacer\"><\/div>\n\n\n\n<hr class=\"wp-block-separator is-style-wide\"\/>\n\n\n\n<div style=\"height:20px\" aria-hidden=\"true\" class=\"wp-block-spacer\"><\/div>\n\n\n\n<p><strong>\u00d6ffnungszeiten: <\/strong>        <br>Donnerstag und Freitag jeweils von 10:00 \u2013 13:00 Und und am Nachmittag Montag bis Freitag und jeden Samstag des Monats 14:00 \u2013 16:00 Uhr<\/p>\n\n\n\n<p><strong>AnsprechpartnerInnen: <\/strong>        Andrea Segendorf (SPH), Daniela Dreier (Jugendtreff)<\/p>\n\n\n\n<p>Jeden Donnerstag und Freitag gibt es hier  einen offenen Fr\u00fchst\u00fccksvormittag f\u00fcr Eltern mit Kindern von 0-6  Jahren, bei dem weitere gemeinsame Aktivit\u00e4ten geplant und durchgef\u00fchrt  werden. <\/p>\n\n\n\n<p>Am Nachmittag l\u00e4dt das Spielhaus die  Kinder bis 12 Jahre zu kreativer Werkstatt, Malen Basteln und Musizieren  ein. Auch die Nutzung von Bewegungsspielzeugen wie Laufr\u00e4dern, Rollern und Mooncars  ist m\u00f6glich.<\/p>\n\n\n\n<p>Am Dienstag \u00f6ffnet die Fahrradwerkstatt f\u00fcr Reparaturen am eigenen Rad oder den Zusammenbau ganzer Fahrr\u00e4der aus <\/p>\n\n\n\n<p>Montag bis Freitag und jeden 2. Samstag im Monat haben Jugendliche von 18:00 bis 20:00 Uhr Raum<br>zum Kochen, Kl\u00f6nen, Playstation spielen und v.m.<\/p>\n\n\n\n<p>Es gibt zwei Spielr\u00e4ume und ein tolles Au\u00dfengel\u00e4nde.<\/p>\n\n\n\n<p>Das aktuelle Wochen- und Ferienprogramm bekommt ihr bei uns im Spielhaus.<\/p>\n\n\n\n<p>Das Spielhaus-Team freut sich auf Gro\u00df und Klein! <\/p>\n\n\n\n<div class=\"wp-block-image\"><figure class=\"aligncenter size-large\"><a href=\"https:\/\/haus-drei.de\/projekt\/spielhaus-zeiseweg\/\" target=\"_blank\" rel=\"noreferrer noopener\"><img src=\"https:\/\/haus-drei.de\/wp-content\/uploads\/2017\/06\/hausdrei-spielhaus-zeiseweg-1170x360.jpg\" alt=\"\"\/><\/a><\/figure><\/div>\n","protected":false},"excerpt":{"rendered":"<p>Zeiseweg 1722765 Hamburg Tel: 040 \/ 851 570 99040 \/ 851 23 24e-mail: aspspielhaus.zeiseweg@web.de(Jugendtreff: jugendtreffaltonanord@web.de) Tr\u00e4ger der Einrichtung: Aktivspielplatz Altona-Nord e.V. Das Spielhaus bei sozialraum-altona.de \u00d6ffnungszeiten: Donnerstag und Freitag jeweils von 10:00 \u2013 13:00 Und und am Nachmittag Montag bis Freitag und jeden Samstag des Monats 14:00 \u2013 16:00 Uhr AnsprechpartnerInnen: Andrea Segendorf (SPH), Daniela Dreier (Jugendtreff) Jeden Donnerstag und<\/p>\n","protected":false},"author":1,"featured_media":0,"parent":0,"menu_order":0,"comment_status":"closed","ping_status":"closed","template":"","meta":[],"_links":{"self":[{"href":"https:\/\/hamburger-spielhaeuser.de\/neu\/wp-json\/wp\/v2\/pages\/476"}],"collection":[{"href":"https:\/\/hamburger-spielhaeuser.de\/neu\/wp-json\/wp\/v2\/pages"}],"about":[{"href":"https:\/\/hamburger-spielhaeuser.de\/neu\/wp-json\/wp\/v2\/types\/page"}],"author":[{"embeddable":true,"href":"https:\/\/hamburger-spielhaeuser.de\/neu\/wp-json\/wp\/v2\/users\/1"}],"replies":[{"embeddable":true,"href":"https:\/\/hamburger-spielhaeuser.de\/neu\/wp-json\/wp\/v2\/comments?post=476"}],"version-history":[{"count":7,"href":"https:\/\/hamburger-spielhaeuser.de\/neu\/wp-json\/wp\/v2\/pages\/476\/revisions"}],"predecessor-version":[{"id":1647,"href":"https:\/\/hamburger-spielhaeuser.de\/neu\/wp-json\/wp\/v2\/pages\/476\/revisions\/1647"}],"wp:attachment":[{"href":"https:\/\/hamburger-spielhaeuser.de\/neu\/wp-json\/wp\/v2\/media?parent=476"}],"curies":[{"name":"wp","href":"https:\/\/api.w.org\/{rel}","templated":true}]}}