{"id":477,"date":"2019-10-10T05:00:36","date_gmt":"2019-10-10T03:00:36","guid":{"rendered":"http:\/\/hamburger-spielhaeuser.de\/neu\/?page_id=477"},"modified":"2020-01-23T10:12:58","modified_gmt":"2020-01-23T09:12:58","slug":"spielhaus-wandsbek","status":"publish","type":"page","link":"https:\/\/hamburger-spielhaeuser.de\/neu\/spielhaus-wandsbek\/","title":{"rendered":"Spielhaus Wandsbek"},"content":{"rendered":"\n<div class=\"wp-block-media-text alignwide has-media-on-the-right\"><figure class=\"wp-block-media-text__media\"><img loading=\"lazy\" width=\"568\" height=\"294\" src=\"http:\/\/hamburger-spielhaeuser.de\/neu\/wp-content\/uploads\/sph-wandsbek.jpg\" alt=\"\" class=\"wp-image-162\" srcset=\"https:\/\/hamburger-spielhaeuser.de\/neu\/wp-content\/uploads\/sph-wandsbek.jpg 568w, https:\/\/hamburger-spielhaeuser.de\/neu\/wp-content\/uploads\/sph-wandsbek-300x155.jpg 300w\" sizes=\"(max-width: 568px) 100vw, 568px\" \/><\/figure><div class=\"wp-block-media-text__content\">\n<p style=\"color:#214260\" class=\"has-text-color\"><strong>Wandsbeker K\u00f6nigstra\u00dfe 21<br>22041 Hamburg<\/strong><br><br><strong>Tel: 040 \/ 652 23 02<br>Fax: 040 \/ 682 829 27<br>e-mail: <\/strong><a href=\"mailto:spielplatzhauswandsbek@web.de\"><strong>spielplatzhauswandsbek@web.de<\/strong><\/a><br><strong>Website: <a href=\"http:\/\/spielplatzhaus-wandsbek.de\" target=\"_blank\" rel=\"noreferrer noopener\" aria-label=\"spielplatzhaus-wandsbek.de (\u00f6ffnet in neuem Tab)\">spielplatzhaus-wandsbek.de<\/a><\/strong><br><br><strong>Tr\u00e4ger der Einrichtung:<br><a rel=\"noreferrer noopener\" aria-label=\" (\u00f6ffnet in neuem Tab)\" href=\"https:\/\/www.hamburg.de\/treffpunkte-kinder-jugendliche\/4356308\/treffpunkte-ueberblick\/\" target=\"_blank\">Bezirksamt Wandsbek<\/a><\/strong><\/p>\n<\/div><\/div>\n\n\n\n<div style=\"height:20px\" aria-hidden=\"true\" class=\"wp-block-spacer\"><\/div>\n\n\n\n<hr class=\"wp-block-separator is-style-wide\"\/>\n\n\n\n<div style=\"height:20px\" aria-hidden=\"true\" class=\"wp-block-spacer\"><\/div>\n\n\n\n<p>1959 vom <a rel=\"noreferrer noopener\" aria-label=\"Deutsch-Amerikanischen Frauen-Club Hamburg (\u00f6ffnet in neuem Tab)\" href=\"http:\/\/www.vdac.de\/clubs\/d-a-frauenclub-hamburg.html\" target=\"_blank\">Deutsch-Amerikanischen Frauen-Club Hamburg<\/a> in der K\u00f6nigsreihe gegr\u00fcndet. und  2011 ein paar Meter weiter an einen <a rel=\"noreferrer noopener\" aria-label=\"neuen Standort (\u00f6ffnet in neuem Tab)\" href=\"https:\/\/www.hamburg.de\/wandsbek\/realisiert\/2014890\/neubau-spielhaus-wandsbek\/\" target=\"_blank\">neuen Standort<\/a> umgezogen.<\/p>\n\n\n\n<div class=\"wp-block-image\"><figure class=\"aligncenter size-large\"><img src=\"http:\/\/www.spielplatzhaus-wandsbek.de\/index_htm_files\/Spiewa%20April%202015.gif\" alt=\"\"\/><\/figure><\/div>\n\n\n\n<p>Das Spielhaus hat eine eigene Website: <a rel=\"noreferrer noopener\" aria-label=\"http:\/\/www.spielplatzhaus-wandsbek.de (\u00f6ffnet in neuem Tab)\" href=\"http:\/\/www.spielplatzhaus-wandsbek.de\" target=\"_blank\">www.spielplatzhaus-wandsbek.de<\/a><\/p>\n","protected":false},"excerpt":{"rendered":"<p>Wandsbeker K\u00f6nigstra\u00dfe 2122041 Hamburg Tel: 040 \/ 652 23 02Fax: 040 \/ 682 829 27e-mail: spielplatzhauswandsbek@web.deWebsite: spielplatzhaus-wandsbek.de Tr\u00e4ger der Einrichtung:Bezirksamt Wandsbek 1959 vom Deutsch-Amerikanischen Frauen-Club Hamburg in der K\u00f6nigsreihe gegr\u00fcndet. und 2011 ein paar Meter weiter an einen neuen Standort umgezogen. Das Spielhaus hat eine eigene Website: www.spielplatzhaus-wandsbek.de<\/p>\n","protected":false},"author":33,"featured_media":0,"parent":0,"menu_order":0,"comment_status":"closed","ping_status":"closed","template":"","meta":[],"_links":{"self":[{"href":"https:\/\/hamburger-spielhaeuser.de\/neu\/wp-json\/wp\/v2\/pages\/477"}],"collection":[{"href":"https:\/\/hamburger-spielhaeuser.de\/neu\/wp-json\/wp\/v2\/pages"}],"about":[{"href":"https:\/\/hamburger-spielhaeuser.de\/neu\/wp-json\/wp\/v2\/types\/page"}],"author":[{"embeddable":true,"href":"https:\/\/hamburger-spielhaeuser.de\/neu\/wp-json\/wp\/v2\/users\/33"}],"replies":[{"embeddable":true,"href":"https:\/\/hamburger-spielhaeuser.de\/neu\/wp-json\/wp\/v2\/comments?post=477"}],"version-history":[{"count":3,"href":"https:\/\/hamburger-spielhaeuser.de\/neu\/wp-json\/wp\/v2\/pages\/477\/revisions"}],"predecessor-version":[{"id":654,"href":"https:\/\/hamburger-spielhaeuser.de\/neu\/wp-json\/wp\/v2\/pages\/477\/revisions\/654"}],"wp:attachment":[{"href":"https:\/\/hamburger-spielhaeuser.de\/neu\/wp-json\/wp\/v2\/media?parent=477"}],"curies":[{"name":"wp","href":"https:\/\/api.w.org\/{rel}","templated":true}]}}