{"id":480,"date":"2019-09-09T09:09:09","date_gmt":"2019-09-09T09:09:09","guid":{"rendered":"http:\/\/hamburger-spielhaeuser.de\/neu\/?page_id=480"},"modified":"2019-10-14T02:08:51","modified_gmt":"2019-10-14T00:08:51","slug":"spielhaus-speckenreye","status":"publish","type":"page","link":"https:\/\/hamburger-spielhaeuser.de\/neu\/spielhaus-speckenreye\/","title":{"rendered":"Spielhaus Speckenreye"},"content":{"rendered":"\n<div class=\"wp-block-media-text alignwide has-media-on-the-right\" style=\"grid-template-columns:auto 43%\"><figure class=\"wp-block-media-text__media\"><img loading=\"lazy\" width=\"640\" height=\"480\" src=\"http:\/\/hamburger-spielhaeuser.de\/neu\/wp-content\/uploads\/sph-speckenreye_foto-1.jpg\" alt=\"\" class=\"wp-image-571\" srcset=\"https:\/\/hamburger-spielhaeuser.de\/neu\/wp-content\/uploads\/sph-speckenreye_foto-1.jpg 640w, https:\/\/hamburger-spielhaeuser.de\/neu\/wp-content\/uploads\/sph-speckenreye_foto-1-300x225.jpg 300w\" sizes=\"(max-width: 640px) 100vw, 640px\" \/><\/figure><div class=\"wp-block-media-text__content\">\n<p style=\"color:#214260\" class=\"has-text-color\"><strong>Speckenreye 36<br>22119 Hamburg<\/strong><br><br><strong>Tel + Fax: 040 \/ 651 88 93<br><br>e-mail: <a href=\"mailto:speckenreye@hamburger-spielhaeuser.de\">speckenreye@hamburger-spielhaeuser.de<\/a><\/strong><br><br><strong>Tr\u00e4ger der Einrichtung:<br><a href=\"https:\/\/www.hamburg.de\/harburg\/kinder-jugendliche\/\">Bezirksamt Hamburg-Mitte<\/a><\/strong><\/p>\n<\/div><\/div>\n\n\n\n<div style=\"height:20px\" aria-hidden=\"true\" class=\"wp-block-spacer\"><\/div>\n\n\n\n<hr class=\"wp-block-separator is-style-wide\"\/>\n\n\n\n<p>Das seit 1975 bestehende Spielhaus ist eine <strong>Offene Kinderfreizeitst\u00e4tte mit Vor- und Nachmittags\u00f6ffnung<\/strong>. Vormittags kommen Eltern mit 0-6j\u00e4hrigen Kindern, die auch am Nachmittag gern gesehene G\u00e4ste sind.<\/p>\n\n\n\n<p>Vor allem steht das Haus ab 14:.00 Uhr aber den den 5-14j\u00e4hrigen offen. Die Kinder k\u00f6nnen jederzeit ohne Anmeldung zu uns kommen und im offenen Bereich ihre Freizeit gestalten sowie sich in verschiedenen Interessenangeboten ausprobieren, ihre F\u00e4higkeiten kennenlernen und mit Spa\u00df an der Sache erweitern. <\/p>\n\n\n\n<p>Es gibt einen Spielraum, einen Bewegungsraum und eine Werkstatt.<\/p>\n\n\n\n<p>In den Schulferien haben wir ein extra Ferienprogramm. Das aktuelle Wochen- und Ferienprogramm bekommt ihr bei uns im Spielhaus.<\/p>\n\n\n\n<p>Akzeptanz und somit ein friedvolles Miteinander sind ein fester Bestandteil unserer Arbeit.<\/p>\n\n\n\n<p>Wer hier spielen oder auch nur mal schauen will, ist herzlich willkommen.<\/p>\n\n\n\n<p><strong>\u00d6ffnungszeiten: Mo &#8211; Fr 9.00 &#8211; 17.00 Uhr <\/strong><\/p>\n","protected":false},"excerpt":{"rendered":"<p>Speckenreye 3622119 Hamburg Tel + Fax: 040 \/ 651 88 93 e-mail: speckenreye@hamburger-spielhaeuser.de Tr\u00e4ger der Einrichtung:Bezirksamt Hamburg-Mitte Das seit 1975 bestehende Spielhaus ist eine Offene Kinderfreizeitst\u00e4tte mit Vor- und Nachmittags\u00f6ffnung. Vormittags kommen Eltern mit 0-6j\u00e4hrigen Kindern, die auch am Nachmittag gern gesehene G\u00e4ste sind. Vor allem steht das Haus ab 14:.00 Uhr aber den den 5-14j\u00e4hrigen offen. Die Kinder k\u00f6nnen<\/p>\n","protected":false},"author":29,"featured_media":0,"parent":0,"menu_order":0,"comment_status":"closed","ping_status":"closed","template":"","meta":[],"_links":{"self":[{"href":"https:\/\/hamburger-spielhaeuser.de\/neu\/wp-json\/wp\/v2\/pages\/480"}],"collection":[{"href":"https:\/\/hamburger-spielhaeuser.de\/neu\/wp-json\/wp\/v2\/pages"}],"about":[{"href":"https:\/\/hamburger-spielhaeuser.de\/neu\/wp-json\/wp\/v2\/types\/page"}],"author":[{"embeddable":true,"href":"https:\/\/hamburger-spielhaeuser.de\/neu\/wp-json\/wp\/v2\/users\/29"}],"replies":[{"embeddable":true,"href":"https:\/\/hamburger-spielhaeuser.de\/neu\/wp-json\/wp\/v2\/comments?post=480"}],"version-history":[{"count":3,"href":"https:\/\/hamburger-spielhaeuser.de\/neu\/wp-json\/wp\/v2\/pages\/480\/revisions"}],"predecessor-version":[{"id":572,"href":"https:\/\/hamburger-spielhaeuser.de\/neu\/wp-json\/wp\/v2\/pages\/480\/revisions\/572"}],"wp:attachment":[{"href":"https:\/\/hamburger-spielhaeuser.de\/neu\/wp-json\/wp\/v2\/media?parent=480"}],"curies":[{"name":"wp","href":"https:\/\/api.w.org\/{rel}","templated":true}]}}