{"id":483,"date":"2019-10-10T05:00:37","date_gmt":"2019-10-10T03:00:37","guid":{"rendered":"http:\/\/hamburger-spielhaeuser.de\/neu\/?page_id=483"},"modified":"2024-01-12T11:18:47","modified_gmt":"2024-01-12T10:18:47","slug":"impressum-und-datenschutz","status":"publish","type":"page","link":"https:\/\/hamburger-spielhaeuser.de\/neu\/impressum-und-datenschutz\/","title":{"rendered":"Impressum"},"content":{"rendered":"\n<p>Dieses Webangebot wird bereitgestellt vom Verein<\/p>\n\n\n\n<p><strong>Hamburger Spielh\u00e4user<\/strong><br>Frickestra\u00dfe 1<br>20251 Hamburg<\/p>\n\n\n\n<p>vertreten durch den Vorstand <br>(Dagmar Klages, Viktor von Mannsbach, Marlies M\u00fcller, Angelika Schlaeger, Doris Wilczek-Ahrens)<\/p>\n\n\n\n<p>und erreichbar \u00fcber <br><strong>info@hamburger-spielhaeuser.de<\/strong><br>(in dringenden F\u00e4llen 0176 48591460)<\/p>\n","protected":false},"excerpt":{"rendered":"<p>Dieses Webangebot wird bereitgestellt vom Verein Hamburger Spielh\u00e4userFrickestra\u00dfe 120251 Hamburg vertreten durch den Vorstand (Dagmar Klages, Viktor von Mannsbach, Marlies M\u00fcller, Angelika Schlaeger, Doris Wilczek-Ahrens) und erreichbar \u00fcber info@hamburger-spielhaeuser.de(in dringenden F\u00e4llen 0176 48591460)<\/p>\n","protected":false},"author":1,"featured_media":0,"parent":0,"menu_order":0,"comment_status":"closed","ping_status":"closed","template":"","meta":[],"_links":{"self":[{"href":"https:\/\/hamburger-spielhaeuser.de\/neu\/wp-json\/wp\/v2\/pages\/483"}],"collection":[{"href":"https:\/\/hamburger-spielhaeuser.de\/neu\/wp-json\/wp\/v2\/pages"}],"about":[{"href":"https:\/\/hamburger-spielhaeuser.de\/neu\/wp-json\/wp\/v2\/types\/page"}],"author":[{"embeddable":true,"href":"https:\/\/hamburger-spielhaeuser.de\/neu\/wp-json\/wp\/v2\/users\/1"}],"replies":[{"embeddable":true,"href":"https:\/\/hamburger-spielhaeuser.de\/neu\/wp-json\/wp\/v2\/comments?post=483"}],"version-history":[{"count":4,"href":"https:\/\/hamburger-spielhaeuser.de\/neu\/wp-json\/wp\/v2\/pages\/483\/revisions"}],"predecessor-version":[{"id":1582,"href":"https:\/\/hamburger-spielhaeuser.de\/neu\/wp-json\/wp\/v2\/pages\/483\/revisions\/1582"}],"wp:attachment":[{"href":"https:\/\/hamburger-spielhaeuser.de\/neu\/wp-json\/wp\/v2\/media?parent=483"}],"curies":[{"name":"wp","href":"https:\/\/api.w.org\/{rel}","templated":true}]}}