{"id":934,"date":"2019-09-09T09:09:09","date_gmt":"2019-09-09T07:09:09","guid":{"rendered":"https:\/\/hamburger-spielhaeuser.de\/neu\/?page_id=934"},"modified":"2020-05-14T23:50:11","modified_gmt":"2020-05-14T21:50:11","slug":"spielhaus-langenfort","status":"publish","type":"page","link":"https:\/\/hamburger-spielhaeuser.de\/neu\/spielhaus-langenfort\/","title":{"rendered":"Spielhaus Langenfort"},"content":{"rendered":"\n<div class=\"wp-block-media-text alignwide has-media-on-the-right\"><figure class=\"wp-block-media-text__media\"><img loading=\"lazy\" width=\"320\" height=\"204\" src=\"https:\/\/hamburger-spielhaeuser.de\/neu\/wp-content\/uploads\/Spielhaus_Langenfort.jpg\" alt=\"\" class=\"wp-image-161\" srcset=\"https:\/\/hamburger-spielhaeuser.de\/neu\/wp-content\/uploads\/Spielhaus_Langenfort.jpg 320w, https:\/\/hamburger-spielhaeuser.de\/neu\/wp-content\/uploads\/Spielhaus_Langenfort-300x191.jpg 300w\" sizes=\"(max-width: 320px) 100vw, 320px\" \/><\/figure><div class=\"wp-block-media-text__content\">\n<p style=\"color:#214260\" class=\"has-text-color\"><strong>Langenfort 69<br>22307 Hamburg<\/strong><br><br><strong>Tel: 040 \/ 630 09 98<br>e-mail: <a href=\"mailto:langenfort@hamburger-spielhaeuser.de\">langenfort@hamburger-spielhaeuser.de<\/a><\/strong><br><strong>Website: <a href=\"http:\/\/www.spielhaus-langenfort.de\/\">www.spielhaus-langenfort.de<\/a><\/strong><br><br><strong>Tr\u00e4ger der Einrichtung: <\/strong><br><strong><a href=\"https:\/\/www.hamburg.de\/hamburg-nord\/familie-senioren\/2416214\/offene-kinder-und-jugendarbeit-jugendsozialarbeit\/\">Bezirksamt Hamburg-Nord<\/a><\/strong><\/p>\n<\/div><\/div>\n\n\n\n<div class=\"wp-container-2 wp-block-group\"><div class=\"wp-block-group__inner-container\">\n<div class=\"wp-container-1 wp-block-group\"><div class=\"wp-block-group__inner-container\">\n<div style=\"height:20px\" aria-hidden=\"true\" class=\"wp-block-spacer\"><\/div>\n\n\n\n<hr class=\"wp-block-separator is-style-wide\"\/>\n\n\n\n<div style=\"height:20px\" aria-hidden=\"true\" class=\"wp-block-spacer\"><\/div>\n<\/div><\/div>\n<\/div><\/div>\n\n\n\n<h3><em><strong>Treffpunkt f\u00fcr Kinder in Barmbek-Nord<\/strong><\/em><\/h3>\n\n\n\n<p>Hallo!<\/p>\n\n\n\n<p>Du interessierst dich f\u00fcr das Spielhaus Langenfort? Auf unserer <a href=\"http:\/\/www.spielhaus-langenfort.de\/\">Homepage<\/a> bekommst du alle Informationen \u00fcber aktuelle Veranstaltungen und Ferienprogramme. Au\u00dferdem erf\u00e4hrst du was hier jede Woche angeboten wird:<\/p>\n\n\n\n<p>Zum Beispiel T\u00f6pfern, Billard, Schwimmen, Musik und Tanz oder kreatives Gestalten, Fu\u00dfball und Kochen. Wir sagen euch auch, f\u00fcr wen diese Angebote gedacht sind. <\/p>\n\n\n\n<p>Wusstest du, dass es das Spielhaus seit 1962 gibt? Auf unserer Page findest du Informationen \u00fcber die Geschichte des Spielhauses und wie unser Team aussieht. Also mach dich schlau und klick mal durch die Seiten:&nbsp;<\/p>\n\n\n\n<p><a href=\"http:\/\/www.spielhaus-langenfort.de\/\">www.spielhaus-langenfort.de<\/a><\/p>\n\n\n\n<div style=\"height:20px\" aria-hidden=\"true\" class=\"wp-block-spacer\"><\/div>\n\n\n\n<hr class=\"wp-block-separator is-style-wide\"\/>\n\n\n\n<div style=\"height:20px\" aria-hidden=\"true\" class=\"wp-block-spacer\"><\/div>\n\n\n\n<div class=\"wp-block-image\"><figure class=\"alignleft size-large\"><a href=\"http:\/\/www.spielhaus-langenfort.de\/\"><img src=\"http:\/\/www.spielhaus-langenfort.de\/html\/images\/Basics\/intro.gif\" alt=\"\"\/><\/a><\/figure><\/div>\n","protected":false},"excerpt":{"rendered":"<p>Langenfort 6922307 Hamburg Tel: 040 \/ 630 09 98e-mail: langenfort@hamburger-spielhaeuser.deWebsite: www.spielhaus-langenfort.de Tr\u00e4ger der Einrichtung: Bezirksamt Hamburg-Nord Treffpunkt f\u00fcr Kinder in Barmbek-Nord Hallo! Du interessierst dich f\u00fcr das Spielhaus Langenfort? Auf unserer Homepage bekommst du alle Informationen \u00fcber aktuelle Veranstaltungen und Ferienprogramme. Au\u00dferdem erf\u00e4hrst du was hier jede Woche angeboten wird: Zum Beispiel T\u00f6pfern, Billard, Schwimmen, Musik und Tanz oder kreatives<\/p>\n","protected":false},"author":21,"featured_media":0,"parent":0,"menu_order":0,"comment_status":"closed","ping_status":"closed","template":"","meta":[],"_links":{"self":[{"href":"https:\/\/hamburger-spielhaeuser.de\/neu\/wp-json\/wp\/v2\/pages\/934"}],"collection":[{"href":"https:\/\/hamburger-spielhaeuser.de\/neu\/wp-json\/wp\/v2\/pages"}],"about":[{"href":"https:\/\/hamburger-spielhaeuser.de\/neu\/wp-json\/wp\/v2\/types\/page"}],"author":[{"embeddable":true,"href":"https:\/\/hamburger-spielhaeuser.de\/neu\/wp-json\/wp\/v2\/users\/21"}],"replies":[{"embeddable":true,"href":"https:\/\/hamburger-spielhaeuser.de\/neu\/wp-json\/wp\/v2\/comments?post=934"}],"version-history":[{"count":2,"href":"https:\/\/hamburger-spielhaeuser.de\/neu\/wp-json\/wp\/v2\/pages\/934\/revisions"}],"predecessor-version":[{"id":936,"href":"https:\/\/hamburger-spielhaeuser.de\/neu\/wp-json\/wp\/v2\/pages\/934\/revisions\/936"}],"wp:attachment":[{"href":"https:\/\/hamburger-spielhaeuser.de\/neu\/wp-json\/wp\/v2\/media?parent=934"}],"curies":[{"name":"wp","href":"https:\/\/api.w.org\/{rel}","templated":true}]}}